{"id":3773,"date":"2024-08-16T10:02:31","date_gmt":"2024-08-16T16:02:31","guid":{"rendered":"https:\/\/www.univas.com.mx\/es\/?post_type=product&#038;p=3773"},"modified":"2025-08-13T12:52:25","modified_gmt":"2025-08-13T18:52:25","slug":"inscripcion-maestria","status":"publish","type":"product","link":"https:\/\/www.univas.com.mx\/es\/product\/inscripcion-maestria\/","title":{"rendered":"Inscripci\u00f3n Maestr\u00eda"},"content":{"rendered":"<p>Conoce las nuevas 4 carreras que tiene UNIVAS 100% en l\u00ednea para ti.<\/p>\n<p>*Para cursar la universidad es importante contar con la siguiente papeler\u00eda.<\/p>\n<ul>\n<li>T\u00edtulo de Universidad (Original y escaneado)<\/li>\n<li>CURP y\/o INE (Escaneado)<\/li>\n<li>Comprobante de domicilio (Escaneado)<\/li>\n<li>Acta de Nacimiento (Original Digital y Escaneado)<\/li>\n<\/ul>\n<p>Se te informar\u00e1 el m\u00e9todo de env\u00edo de la papeler\u00eda en Original.<\/p>\n","protected":false},"excerpt":{"rendered":"<div><strong>Proceso de Inscripci\u00f3n<\/strong><\/div>\n<div>1. Sin examen de Admisi\u00f3n<\/div>\n<div>2. Pago de Inscripci\u00f3n<\/div>\n<div>3. Entrega de Papeler\u00eda<\/div>\n<div>4. Pago de mensualidad y cuota administrativo.<\/div>\n","protected":false},"featured_media":3775,"comment_status":"open","ping_status":"closed","template":"","meta":[],"product_brand":[],"product_cat":[50],"product_tag":[],"class_list":{"0":"post-3773","1":"product","2":"type-product","3":"status-publish","4":"has-post-thumbnail","6":"product_cat-educacion-virtual","8":"first","9":"instock","10":"sale","11":"sold-individually","12":"shipping-taxable","13":"purchasable","14":"product-type-variable"},"_links":{"self":[{"href":"https:\/\/www.univas.com.mx\/es\/wp-json\/wp\/v2\/product\/3773","targetHints":{"allow":["GET"]}}],"collection":[{"href":"https:\/\/www.univas.com.mx\/es\/wp-json\/wp\/v2\/product"}],"about":[{"href":"https:\/\/www.univas.com.mx\/es\/wp-json\/wp\/v2\/types\/product"}],"replies":[{"embeddable":true,"href":"https:\/\/www.univas.com.mx\/es\/wp-json\/wp\/v2\/comments?post=3773"}],"wp:featuredmedia":[{"embeddable":true,"href":"https:\/\/www.univas.com.mx\/es\/wp-json\/wp\/v2\/media\/3775"}],"wp:attachment":[{"href":"https:\/\/www.univas.com.mx\/es\/wp-json\/wp\/v2\/media?parent=3773"}],"wp:term":[{"taxonomy":"product_brand","embeddable":true,"href":"https:\/\/www.univas.com.mx\/es\/wp-json\/wp\/v2\/product_brand?post=3773"},{"taxonomy":"product_cat","embeddable":true,"href":"https:\/\/www.univas.com.mx\/es\/wp-json\/wp\/v2\/product_cat?post=3773"},{"taxonomy":"product_tag","embeddable":true,"href":"https:\/\/www.univas.com.mx\/es\/wp-json\/wp\/v2\/product_tag?post=3773"}],"curies":[{"name":"wp","href":"https:\/\/api.w.org\/{rel}","templated":true}]}}