{"id":3396,"date":"2024-03-01T09:31:44","date_gmt":"2024-03-01T15:31:44","guid":{"rendered":"https:\/\/www.univas.com.mx\/es\/?post_type=product&#038;p=3396"},"modified":"2024-03-01T11:40:05","modified_gmt":"2024-03-01T17:40:05","slug":"referir","status":"publish","type":"product","link":"https:\/\/www.univas.com.mx\/es\/product\/referir\/","title":{"rendered":"Programa Referidos Alfa"},"content":{"rendered":"<p>\u00a1Descubre el futuro de la educaci\u00f3n con nuestro producto de referencia universitaria! Con una oferta educativa diversa y de vanguardia, estamos comprometidos a proporcionar a nuestros estudiantes una experiencia acad\u00e9mica enriquecedora y relevante para el mundo actual. Desde programas innovadores hasta instalaciones de \u00faltima generaci\u00f3n, nuestra universidad ofrece un entorno din\u00e1mico donde los estudiantes pueden explorar sus pasiones, desarrollar habilidades cr\u00edticas y prepararse para triunfar en un mundo globalizado y en constante cambio. \u00danete a nosotros y desbloquea tu potencial para liderar el ma\u00f1ana.<\/p>\n","protected":false},"excerpt":{"rendered":"<p>Selecciona la oferta educativa a referenciar.<\/p>\n","protected":false},"featured_media":3405,"comment_status":"open","ping_status":"closed","template":"","meta":[],"product_brand":[],"product_cat":[49],"product_tag":[],"class_list":{"0":"post-3396","1":"product","2":"type-product","3":"status-publish","4":"has-post-thumbnail","6":"product_cat-educacion","8":"first","9":"instock","10":"shipping-taxable","11":"purchasable","12":"product-type-variable"},"_links":{"self":[{"href":"https:\/\/www.univas.com.mx\/es\/wp-json\/wp\/v2\/product\/3396","targetHints":{"allow":["GET"]}}],"collection":[{"href":"https:\/\/www.univas.com.mx\/es\/wp-json\/wp\/v2\/product"}],"about":[{"href":"https:\/\/www.univas.com.mx\/es\/wp-json\/wp\/v2\/types\/product"}],"replies":[{"embeddable":true,"href":"https:\/\/www.univas.com.mx\/es\/wp-json\/wp\/v2\/comments?post=3396"}],"wp:featuredmedia":[{"embeddable":true,"href":"https:\/\/www.univas.com.mx\/es\/wp-json\/wp\/v2\/media\/3405"}],"wp:attachment":[{"href":"https:\/\/www.univas.com.mx\/es\/wp-json\/wp\/v2\/media?parent=3396"}],"wp:term":[{"taxonomy":"product_brand","embeddable":true,"href":"https:\/\/www.univas.com.mx\/es\/wp-json\/wp\/v2\/product_brand?post=3396"},{"taxonomy":"product_cat","embeddable":true,"href":"https:\/\/www.univas.com.mx\/es\/wp-json\/wp\/v2\/product_cat?post=3396"},{"taxonomy":"product_tag","embeddable":true,"href":"https:\/\/www.univas.com.mx\/es\/wp-json\/wp\/v2\/product_tag?post=3396"}],"curies":[{"name":"wp","href":"https:\/\/api.w.org\/{rel}","templated":true}]}}