{"id":4019,"date":"2025-08-13T13:21:16","date_gmt":"2025-08-13T19:21:16","guid":{"rendered":"https:\/\/www.univas.com.mx\/es\/?page_id=4019"},"modified":"2025-09-18T17:06:43","modified_gmt":"2025-09-18T23:06:43","slug":"marketing-digital","status":"publish","type":"page","link":"https:\/\/www.univas.com.mx\/es\/marketing-digital\/","title":{"rendered":"Marketing Digital"},"content":{"rendered":"\n<div class=\"slider-wrapper relative\" id=\"slider-1963271747\" >\n    <div class=\"slider slider-nav-circle slider-nav-large slider-nav-light slider-style-normal\"\n        data-flickity-options='{\n            \"cellAlign\": \"center\",\n            \"imagesLoaded\": true,\n            \"lazyLoad\": 1,\n            \"freeScroll\": false,\n            \"wrapAround\": true,\n            \"autoPlay\": 6000,\n            \"pauseAutoPlayOnHover\" : true,\n            \"prevNextButtons\": true,\n            \"contain\" : true,\n            \"adaptiveHeight\" : true,\n            \"dragThreshold\" : 10,\n            \"percentPosition\": true,\n            \"pageDots\": true,\n            \"rightToLeft\": false,\n            \"draggable\": true,\n            \"selectedAttraction\": 0.1,\n            \"parallax\" : 0,\n            \"friction\": 0.6        }'\n        >\n        \n\n\n  <div class=\"banner has-hover has-video\" id=\"banner-1971330992\">\n          <div class=\"banner-inner fill\">\n        <div class=\"banner-bg fill\" >\n            <div class=\"bg fill bg-fill \"><\/div>\n            \t<div class=\"video-overlay no-click fill hide-for-medium\"><\/div>\n\t<video class=\"video-bg fill hide-for-medium\" preload playsinline autoplay\n\t\tmuted\t\tloop>\n\t\t<source src=\"https:\/\/www.univas.com.mx\/es\/wp-content\/uploads\/2025\/08\/6071065_Business_People_1920x1080.mp4\" type=\"video\/mp4\">\t<\/video>\n            <div class=\"overlay\"><\/div>            \n                    <\/div>\n        <div class=\"banner-layers container\">\n            <div class=\"fill banner-link\"><\/div>            \n\n   <div id=\"text-box-650238911\" class=\"text-box banner-layer x50 md-x50 lg-x50 y50 md-y50 lg-y50 res-text\">\n                                <div class=\"text-box-content text dark\">\n              \n              <div class=\"text-inner text-center\">\n                  \n\n\t<div id=\"text-3195217587\" class=\"text\">\n\t\t\n\n<h2 class=\"uppercase\" style=\"text-align: center;\"><span style=\"color: #555555; font-size: 14.4px;\">LICENCIATURA EN<\/span><\/h2>\n<h2 class=\"uppercase\" style=\"text-align: center;\"><strong>MARKETING DIGITAL<\/strong><\/h2>\n<div id=\"gtx-trans\" style=\"position: absolute; left: 228px; top: 100.828px;\">\n<div class=\"gtx-trans-icon\">\u00a0<\/div>\n<\/div>\n\t\t\n<style>\n#text-3195217587 {\n  color: rgb(255,255,255);\n}\n#text-3195217587 > * {\n  color: rgb(255,255,255);\n}\n<\/style>\n\t<\/div>\n\t\n\n              <\/div>\n           <\/div>\n                            \n<style>\n#text-box-650238911 {\n  width: 60%;\n}\n#text-box-650238911 .text-box-content {\n  font-size: 100%;\n}\n<\/style>\n    <\/div>\n \n\n        <\/div>\n      <\/div>\n\n            \n<style>\n#banner-1971330992 {\n  padding-top: 500px;\n}\n#banner-1971330992 .overlay {\n  background-color: rgba(0,0,0,.5);\n}\n<\/style>\n  <\/div>\n\n\n\n     <\/div>\n\n     <div class=\"loading-spin dark large centered\"><\/div>\n\n     \t<\/div>\n\n\n\t<div id=\"gap-1832892197\" class=\"gap-element clearfix\" style=\"display:block; height:auto;\">\n\t\t\n<style>\n#gap-1832892197 {\n  padding-top: 30px;\n}\n<\/style>\n\t<\/div>\n\t\n\n<div class=\"container section-title-container\" ><h3 class=\"section-title section-title-center\"><b><\/b><span class=\"section-title-main\" >ESTUDIALA EN SOLO SIETE CUATRIMESTRES<\/span><b><\/b><\/h3><\/div>\n\n<div class=\"row\"  id=\"row-1184667496\">\n\n\n\t<div id=\"col-1080458902\" class=\"col medium-3 small-6 large-3\"  >\n\t\t\t\t<div class=\"col-inner\"  >\n\t\t\t\n\t\t\t\n\n\n  <div class=\"banner has-hover\" id=\"banner-169731454\">\n          <div class=\"banner-inner fill\">\n        <div class=\"banner-bg fill\" >\n            <div class=\"bg fill bg-fill \"><\/div>\n                                    \n                    <\/div>\n        <div class=\"banner-layers container\">\n            <div class=\"fill banner-link\"><\/div>            \n\n   <div id=\"text-box-1766998306\" class=\"text-box banner-layer x50 md-x50 lg-x50 y50 md-y50 lg-y50 res-text\">\n                                <div class=\"text-box-content text dark\">\n              \n              <div class=\"text-inner text-center\">\n                  \n\n<h1 class=\"uppercase\"><strong>TURNO MATUTINO<\/strong><\/h1>\n<div class=\"is-divider divider clearfix\" ><\/div>\n\n<h3>Clases de lunes a jueves de 8 am a 1 pm<\/h3>\n<div id=\"gtx-trans\" style=\"position: absolute; left: -38px; top: 46.5469px;\">\n<div class=\"gtx-trans-icon\">\u00a0<\/div>\n<\/div>\n\n              <\/div>\n           <\/div>\n                            \n<style>\n#text-box-1766998306 {\n  width: 77%;\n}\n#text-box-1766998306 .text-box-content {\n  font-size: 100%;\n}\n<\/style>\n    <\/div>\n \n\n        <\/div>\n      <\/div>\n\n            \n<style>\n#banner-169731454 {\n  padding-top: 160px;\n  background-color: rgb(39, 130, 0);\n}\n<\/style>\n  <\/div>\n\n\n\n\t\t<\/div>\n\t\t\t\t\t<\/div>\n\n\t\n\n\t<div id=\"col-1855231702\" class=\"col medium-3 small-6 large-3\"  >\n\t\t\t\t<div class=\"col-inner\"  >\n\t\t\t\n\t\t\t\n\n\n  <div class=\"banner has-hover\" id=\"banner-1637002087\">\n          <div class=\"banner-inner fill\">\n        <div class=\"banner-bg fill\" >\n            <div class=\"bg fill bg-fill \"><\/div>\n                                    \n                    <\/div>\n        <div class=\"banner-layers container\">\n            <div class=\"fill banner-link\"><\/div>            \n\n   <div id=\"text-box-1525135609\" class=\"text-box banner-layer x50 md-x50 lg-x50 y50 md-y50 lg-y50 res-text\">\n                                <div class=\"text-box-content text dark\">\n              \n              <div class=\"text-inner text-center\">\n                  \n\n<h1 class=\"uppercase\"><strong>TURNO NOCTURNO<\/strong><\/h1>\n<div class=\"is-divider divider clearfix\" ><\/div>\n\n<p><H3>Clases de lunes a jueves de 6:30 pm a 9:30 pm<\/H3><\/p>\n\n              <\/div>\n           <\/div>\n                            \n<style>\n#text-box-1525135609 {\n  width: 82%;\n}\n#text-box-1525135609 .text-box-content {\n  font-size: 100%;\n}\n<\/style>\n    <\/div>\n \n\n        <\/div>\n      <\/div>\n\n            \n<style>\n#banner-1637002087 {\n  padding-top: 160px;\n  background-color: rgb(39, 130, 0);\n}\n<\/style>\n  <\/div>\n\n\n\n\t\t<\/div>\n\t\t\t\t\t<\/div>\n\n\t\n\n\t<div id=\"col-215870576\" class=\"col medium-3 small-6 large-3\"  >\n\t\t\t\t<div class=\"col-inner\"  >\n\t\t\t\n\t\t\t\n\n\n  <div class=\"banner has-hover\" id=\"banner-1954022524\">\n          <div class=\"banner-inner fill\">\n        <div class=\"banner-bg fill\" >\n            <div class=\"bg fill bg-fill \"><\/div>\n                                    \n                    <\/div>\n        <div class=\"banner-layers container\">\n            <div class=\"fill banner-link\"><\/div>            \n\n   <div id=\"text-box-539023210\" class=\"text-box banner-layer x50 md-x50 lg-x50 y50 md-y50 lg-y50 res-text\">\n                                <div class=\"text-box-content text dark\">\n              \n              <div class=\"text-inner text-center\">\n                  \n\n<h1 class=\"uppercase\"><strong>TURNO SABATINO<\/strong><\/h1>\n<div class=\"is-divider divider clearfix\" ><\/div>\n\n<p><H3>Clases solo los s\u00e1bados de 8 am a 3 pm<\/H3><\/p>\n\n              <\/div>\n           <\/div>\n                            \n<style>\n#text-box-539023210 {\n  width: 82%;\n}\n#text-box-539023210 .text-box-content {\n  font-size: 100%;\n}\n<\/style>\n    <\/div>\n \n\n        <\/div>\n      <\/div>\n\n            \n<style>\n#banner-1954022524 {\n  padding-top: 160px;\n  background-color: rgb(39, 130, 0);\n}\n<\/style>\n  <\/div>\n\n\n\n\t\t<\/div>\n\t\t\t\t\t<\/div>\n\n\t\n\n\t<div id=\"col-1150757617\" class=\"col medium-3 small-6 large-3\"  >\n\t\t\t\t<div class=\"col-inner\"  >\n\t\t\t\n\t\t\t\n\n\n  <div class=\"banner has-hover\" id=\"banner-1057675191\">\n          <div class=\"banner-inner fill\">\n        <div class=\"banner-bg fill\" >\n            <div class=\"bg fill bg-fill \"><\/div>\n                                    \n                    <\/div>\n        <div class=\"banner-layers container\">\n            <div class=\"fill banner-link\"><\/div>            \n\n   <div id=\"text-box-814865090\" class=\"text-box banner-layer x50 md-x50 lg-x50 y50 md-y50 lg-y50 res-text\">\n                                <div class=\"text-box-content text dark\">\n              \n              <div class=\"text-inner text-center\">\n                  \n\n<h1 class=\"uppercase\" style=\"text-align: center;\"><strong>TURNO dominical<\/strong><\/h1>\n<div id=\"gtx-trans\" style=\"position: absolute; left: 466px; top: 51.3594px;\">\n<div class=\"gtx-trans-icon\">\u00a0<\/div>\n<\/div>\n<div class=\"is-divider divider clearfix\" ><\/div>\n\n<h3>Clases solo los domingos de 8 am a 3 pm<\/h3>\n<div id=\"gtx-trans\" style=\"position: absolute; left: 141px; top: 47.1562px;\">\n<div class=\"gtx-trans-icon\">\u00a0<\/div>\n<\/div>\n\n              <\/div>\n           <\/div>\n                            \n<style>\n#text-box-814865090 {\n  width: 80%;\n}\n#text-box-814865090 .text-box-content {\n  font-size: 100%;\n}\n<\/style>\n    <\/div>\n \n\n        <\/div>\n      <\/div>\n\n            \n<style>\n#banner-1057675191 {\n  padding-top: 160px;\n  background-color: rgb(39, 130, 0);\n}\n<\/style>\n  <\/div>\n\n\n\n\t\t<\/div>\n\t\t\t\t\t<\/div>\n\n\t\n\n<\/div>\n<div class=\"row\"  id=\"row-916651216\">\n\n\n\t<div id=\"col-1193113024\" class=\"col small-12 large-12\"  >\n\t\t\t\t<div class=\"col-inner\"  >\n\t\t\t\n\t\t\t\n\n<div class=\"container section-title-container\" ><h3 class=\"section-title section-title-normal\"><b><\/b><span class=\"section-title-main\" >Objetivo general de la carrera<\/span><b><\/b><\/h3><\/div>\n\n<p style=\"text-align: left;\">Formar profesionistas de alto nivel, con enfoque global y s\u00f3lida formaci\u00f3n \u00e9tica, capaces de desarrollar estrategias y modelos de marketing digital, con base en los objetivos del plan de marketing estrat\u00e9gico, el uso de plataformas tecnol\u00f3gicas y medios digitales que eleven la posici\u00f3n competitiva de la organizaci\u00f3n con procesos, productos y servicios innovadores, as\u00ed como la mejora del nivel de los indicadores de desempe\u00f1o y con el compromiso de la responsabilidad social y el desarrollo sostenible.<\/p>\n<p><strong>RVOE: 0528238378<\/strong><\/p>\n\n\t\t<\/div>\n\t\t\t\t\t<\/div>\n\n\t\n\n<\/div>\n<div class=\"container section-title-container\" ><h3 class=\"section-title section-title-center\"><b><\/b><span class=\"section-title-main\" >plan de estudios<\/span><b><\/b><\/h3><\/div>\n\n\t<div id=\"text-1804332286\" class=\"text\">\n\t\t\n\n<h3 class=\"uppercase\">estudia en 7 CUATRIMESTRES<\/h3>\n<p>Conoce nuestro plan de estudios de 2.5 A\u00d1OS<\/p>\n\t\t\n<style>\n#text-1804332286 {\n  text-align: center;\n}\n<\/style>\n\t<\/div>\n\t\n<div class=\"row\"  id=\"row-1105843540\">\n\n\n\t<div id=\"col-2146920508\" class=\"col medium-4 small-12 large-4\"  >\n\t\t\t\t<div class=\"col-inner\"  >\n\t\t\t\n\t\t\t\n\n<div><strong>PRIMER CUATRIMESTRE<\/strong><\/div>\n<div>\u00a0<\/div>\n<div>\n<ul>\n<li>Fundamentos de Administraci\u00f3n<\/li>\n<li>Fundamentos de Mercadotecnia<\/li>\n<li>Tecnolog\u00eda de la Informaci\u00f3n y la Comunicaci\u00f3n<\/li>\n<li>Google ADS<\/li>\n<li>Ingl\u00e9s I<\/li>\n<\/ul>\n<\/div>\n\n\t\t<\/div>\n\t\t\t\t\t<\/div>\n\n\t\n\n\t<div id=\"col-424615964\" class=\"col medium-4 small-12 large-4\"  >\n\t\t\t\t<div class=\"col-inner\"  >\n\t\t\t\n\t\t\t\n\n<div><strong><strong>SEGUNDO CUATRIMESTRE<\/strong><\/strong><\/div>\n<div>\n<ul>\n<li>Estad\u00edstica I<\/li>\n<li>\u00c9tica en la Mercadotecnia<\/li>\n<li>Herramientas Digitales<\/li>\n<li>Multiculturalidad y Consumo Online<\/li>\n<li>Ingl\u00e9s II<\/li>\n<\/ul>\n<\/div>\n<div>\u00a0<\/div>\n<div>\u00a0<\/div>\n\n\t\t<\/div>\n\t\t\t\t\t<\/div>\n\n\t\n\n\t<div id=\"col-878353832\" class=\"col medium-4 small-12 large-4\"  >\n\t\t\t\t<div class=\"col-inner\"  >\n\t\t\t\n\t\t\t\n\n<div><strong>TERCER CUATRIMESTRE<\/strong><\/div>\n<div>\n<ul>\n<li>Fundamentos de Publicidad<\/li>\n<li>Estad\u00edstica II<\/li>\n<li>Inteligencia Emocional<\/li>\n<li>Segmentaci\u00f3n de Mercado<\/li>\n<li>Ingl\u00e9s III<\/li>\n<\/ul>\n<\/div>\n\n\t\t<\/div>\n\t\t\t\t\t<\/div>\n\n\t\n\n<\/div>\n<div class=\"row\"  id=\"row-1651372002\">\n\n\n\t<div id=\"col-1271533222\" class=\"col medium-4 small-12 large-4\"  >\n\t\t\t\t<div class=\"col-inner\"  >\n\t\t\t\n\t\t\t\n\n<div><strong>CUARTO CUATRIMESTRE<\/strong><\/div>\n<div>\u00a0<\/div>\n<div>\n<ul>\n<li>Fundamentos de Contabilidad<\/li>\n<li>Mix de Comunicaci\u00f3n Digital<\/li>\n<li>Comportamiento del Consumidor<\/li>\n<li>Legislaci\u00f3n en Medios Digitales<\/li>\n<li>Ingl\u00e9s IV\u00a0<\/li>\n<\/ul>\n<\/div>\n\n\t\t<\/div>\n\t\t\t\t\t<\/div>\n\n\t\n\n\t<div id=\"col-898221078\" class=\"col medium-4 small-12 large-4\"  >\n\t\t\t\t<div class=\"col-inner\"  >\n\t\t\t\n\t\t\t\n\n<div><strong>QUINTO CUATRIMESTRE<\/strong><\/div>\n<div>\u00a0<\/div>\n<div>\n<ul>\n<li>Costos Presupuesto y Fijaci\u00f3n de Precios<\/li>\n<li>E-Business<\/li>\n<li>Medios BTL<\/li>\n<li>Dise\u00f1o de Contenidos Digitales<\/li>\n<li>Ingl\u00e9s V<\/li>\n<\/ul>\n<\/div>\n\n\t\t<\/div>\n\t\t\t\t\t<\/div>\n\n\t\n\n\t<div id=\"col-1630003822\" class=\"col medium-4 small-12 large-4\"  >\n\t\t\t\t<div class=\"col-inner\"  >\n\t\t\t\n\t\t\t\n\n<div><strong>SEXTO CUATRIMESTRE<\/strong><\/div>\n<div>\n<ul>\n<li>Creatividad e Innovaci\u00f3n<\/li>\n<li>Administraci\u00f3n de las Ventas de Mercados Digitales<\/li>\n<li>Redes Sociales<\/li>\n<li>Facebook Business<\/li>\n<li>Ingl\u00e9s VI<\/li>\n<\/ul>\n<\/div>\n\n\t\t<\/div>\n\t\t\t\t\t<\/div>\n\n\t\n\n<\/div>\n<div class=\"row\"  id=\"row-1030481274\">\n\n\n\t<div id=\"col-58428519\" class=\"col medium-4 small-12 large-4\"  >\n\t\t\t\t<div class=\"col-inner\"  >\n\t\t\t\n\t\t\t\n\n<div><strong>SEPTIMO CUATRIMESTRE<\/strong><\/div>\n<div>\u00a0<\/div>\n<div>\n<ul>\n<li>Log\u00edstica y Distribuci\u00f3n en Ventas Electr\u00f3nicas<\/li>\n<li>Innovaci\u00f3n y Emprendimiento<\/li>\n<li>Dise\u00f1o Web y UX<\/li>\n<li>T\u00e9cnicas de Negociaci\u00f3n<\/li>\n<li>T\u00f3picos Avanzados de Marketing<\/li>\n<\/ul>\n<\/div>\n\n\t\t<\/div>\n\t\t\t\t\t<\/div>\n\n\t\n\n\t<div id=\"col-1647846007\" class=\"col medium-4 small-12 large-4\"  >\n\t\t\t\t<div class=\"col-inner\"  >\n\t\t\t\n\t\t\t\n\n\n\t\t<\/div>\n\t\t\t\t\t<\/div>\n\n\t\n\n\t<div id=\"col-108994750\" class=\"col medium-4 small-12 large-4\"  >\n\t\t\t\t<div class=\"col-inner\"  >\n\t\t\t\n\t\t\t\n\n\n\t\t<\/div>\n\t\t\t\t\t<\/div>\n\n\t\n\n<\/div>\n<div class=\"text-center\"><div class=\"is-divider divider clearfix\" style=\"max-width:200px;background-color:rgb(41, 153, 25);\"><\/div><\/div>\n\n<div class=\"row\"  id=\"row-1615199634\">\n\n\n\t<div id=\"col-123222852\" class=\"col small-12 large-12\"  >\n\t\t\t\t<div class=\"col-inner\"  >\n\t\t\t\n\t\t\t\n\n\n\t\t<div class=\"tabbed-content\">\n\t\t\t<h4 class=\"uppercase text-left\">PERFIL DE EGRESO<\/h4>\n\t\t\t<ul class=\"nav nav-pills nav-uppercase nav-size-normal nav-left\"><li class=\"tab active has-icon\"><a href=\"#tab_conocimientos\"><span>CONOCIMIENTOS<\/span><\/a><\/li>\n<li class=\"tab has-icon\"><a href=\"#tab_habilidades\"><span>HABILIDADES<\/span><\/a><\/li>\n<li class=\"tab has-icon\"><a href=\"#tab_actitudes\"><span>ACTITUDES<\/span><\/a><\/li>\n<li class=\"tab has-icon\"><a href=\"#tab_destrezas\"><span>DESTREZAS<\/span><\/a><\/li><\/ul><div class=\"tab-panels\"><div class=\"panel active entry-content\" id=\"tab_conocimientos\">\n\n<p style=\"text-align: center;\">El egresado de marketig digital desarrolla competencias innovadoras, anal\u00edticas, estrat\u00e9gicas y creativas en los sectores productivos con habilidades tecnol\u00f3gicas y un alto enfoque de servicio y compromiso con el desarrollo sustentable del pa\u00eds, a trav\u00e9s de los t\u00f3picos de:<\/p>\n<ul>\n<li>Administraci\u00f3n.<\/li>\n<li>Tecnolog\u00edas de la Informaci\u00f3n.<\/li>\n<li>Estad\u00edstica<\/li>\n<li>Psicolog\u00eda del consumidor.<\/li>\n<li>Herramientas digitales.<\/li>\n<li>Redes Sociales<\/li>\n<li>Comunicaci\u00f3n digital.<\/li>\n<li>Legislaci\u00f3n de Medios.<\/li>\n<li>Business.<\/li>\n<li>Dise\u00f1o de Contenidos Digitales.<\/li>\n<li>Creatividad e Innovaci\u00f3n.<\/li>\n<li>Dise\u00f1o Web.<\/li>\n<li>Log\u00edstica y Distribuci\u00f3n<\/li>\n<li>Facebook business<\/li>\n<li>Dise\u00f1o Web<\/li>\n<\/ul>\n\n<\/div>\n<div class=\"panel entry-content\" id=\"tab_habilidades\">\n\n<ul>\n<li>Anal\u00edtica y publicidad: Vivimos en una \u00e9poca en que las marcas y las empresas tienen una gran cantidad de datos invaluables al alcance de sus manos, y entre las\u00a0<a href=\"https:\/\/www.questionpro.com\/blog\/es\/lider-de-ventas-digitales\/\">caracter\u00edsticas que debe tener un l\u00edder de ventas digitales<\/a>est\u00e1n el recopilar y analizar estas ideas para tomar decisiones informadas y crear campa\u00f1as impactantes.<\/li>\n<li>Dicho esto, debes obtener una comprensi\u00f3n fundamental de Google Analytics y c\u00f3mo utilizar las plataformas para tomar decisiones basadas en datos.<\/li>\n<li>Adem\u00e1s, es importante comprender los conceptos b\u00e1sicos de la publicidad de pago por clic al utilizar la plataforma AdWords de Google para crear, producir y publicar anuncios publicitarios en l\u00ednea orientados a la b\u00fasqueda. \u00a0<\/li>\n<li>Optimizaci\u00f3n de motores de b\u00fasqueda.<\/li>\n<li>Conocimiento SEO, uno de los elementos esenciales de cualquier profesional. Esto no solo se relaciona estrechamente con la publicidad pago por clic, el marketing de contenidos y muchos otros elementos del marketing digital, sino que, sin una comprensi\u00f3n firme de los principios b\u00e1sicos, puedes quedarte atr\u00e1s de tu competencia. El SEO se relaciona con las pr\u00e1cticas que sirven para ayudar a una p\u00e1gina web de una empresa o marca a expandir el alcance en l\u00ednea y aumentar su clasificaci\u00f3n en las p\u00e1ginas de resultados de motores de b\u00fasqueda como Google para aumentar la conciencia, mejorar la visibilidad y, en \u00faltima instancia, fomentar m\u00e1s conversiones.<\/li>\n<li>Redacci\u00f3n: La redacci\u00f3n publicitaria es una de las habilidades de marketing digital. Como vendedor, se espera que produzcas cantidades colosales de contenido convincente, atractivo y digerible, por lo que saber c\u00f3mo hacerlo es bastante esencial. Mucha gente cree que esto es algo que no se aprende pero si te esfuerzas sin duda podr\u00e1s lograrlo.<\/li>\n<li>Desde los blogs hasta el email, copys para tu sitio web o ebook, la capacidad de crear contenido es una habilidad invaluable para un profesional del marketing digital.<\/li>\n<li>Marketing de contenido y redes sociales: una comprensi\u00f3n s\u00f3lida de los principios del marketing de contenido, as\u00ed como del marketing en las redes sociales son esenciales para generar una buena campa\u00f1a. Los consumidores de hoy en d\u00eda, anhelan contenido inspirador, atractivo y valioso que les ofrezca respuestas a sus preguntas m\u00e1s complicadas.<\/li>\n<li>Tendencias emergentes: La \u00faltima de las habilidades de marketing digital que necesitas es tener conocimiento de los cambios y tendencias. Por su propia naturaleza, el marketing digital cambia de manera constante, por lo que \u00a0debes demostrar una comprensi\u00f3n profunda de los \u00faltimos cambios y tendencias de la industria.<\/li>\n<\/ul>\n\n<\/div>\n<div class=\"panel entry-content\" id=\"tab_actitudes\">\n\n<ul>\n<li><strong>Trabajo colaborativo en equipo: <\/strong>Para alcanzar objetivos y plantear estrategias se requiere no solamente la mente creativa de una sola persona, sino que por el contrario, las habilidades de marketing, comunicaci\u00f3n e innovaci\u00f3n de otras personas fortalecer\u00e1n las acciones a realizar.\u00a0<\/li>\n<li><strong>Flexibilidad y adaptaci\u00f3n frente a los cambios:<\/strong> el mundo del marketing al igual que la tecnolog\u00eda se encuentran en constante cambio, as\u00ed que las habilidades de marketing que desarrolles deben orientarse a ser flexibles ante el contexto, as\u00ed como tambi\u00e9n a innovar en nuevas ideas, informarse de nuevas tendencias y estar siempre al d\u00eda.<\/li>\n<li><strong style=\"color: #555555; font-size: 14.4px;\">Comunicaci\u00f3n efectiva y asertiva: <\/strong><span style=\"color: #555555; font-size: 14.4px;\">el \u00e1rea de marketing demanda comunicaci\u00f3n entre el equipo para tomar acciones de mejora o definir ideas y estrategias para lograr objetivos de la organizaci\u00f3n. Adem\u00e1s, desarrollar\u00a0<\/span><a style=\"font-size: 14.4px;\" href=\"https:\/\/www.crehana.com\/cursos-online-liderazgo\/comunicacion-efectiva-aprende-a-hablar-en-publico\/\">habilidades de comunicaci\u00f3n efectiva<\/a><span style=\"color: #555555; font-size: 14.4px;\">\u00a0y asertiva te permitir\u00e1 intercambiar opiniones, recomendaciones e ideas que contribuyan a la meta en com\u00fan que busca el equipo.<\/span><\/li>\n<\/ul>\n<ul>\n<li><strong>Anal\u00edtico y pensamiento creativo: <\/strong>S\u00ed, ser anal\u00edtico y creativo pueden ir de la mano para el desarrollo de nuevas habilidades de marketing. Un profesional del marketing debe ser creativo para atreverse a buscar nuevas formas de acercarse al cliente y a la vez ser anal\u00edtico para saber qu\u00e9 acciones y decisiones son relevantes para la empresa.<\/li>\n<\/ul>\n\n<\/div>\n<div class=\"panel entry-content\" id=\"tab_destrezas\">\n\n<ul>\n<li>Principios de la comunicaci\u00f3n corporativa.<\/li>\n<li>Relaci\u00f3n con el cliente.<\/li>\n<li>Previsi\u00f3n.<\/li>\n<li>Elaboraci\u00f3n de contingencias.<\/li>\n<li>Investigaci\u00f3n del macroentorno.<\/li>\n<li>Integraci\u00f3n estrat\u00e9gica de las habilidades del marketing digital.<\/li>\n<li>Conocimiento tecnol\u00f3gico general.<\/li>\n<li>Herramientas y tecnolog\u00edas digitales.<\/li>\n<li>Gesti\u00f3n de la marca en el medio digital.<\/li>\n<li>Dominio de las nuevas m\u00e9tricas para medir resultados.<\/li>\n<li>Habilidades anal\u00edticas<\/li>\n<li>Servicios de la Web 2.0. \u2013 Anal\u00edtica de datos.<\/li>\n<li>Networking. \u2013 Habilidades comunicativas. \u2013 Coworking.<\/li>\n<li>Liderazgo dirigido al resultado.<\/li>\n<li>Asunci\u00f3n equilibrada de riesgos.<\/li>\n<li>Habilidad para anticiparse o evitar los problemas<\/li>\n<\/ul>\n<p>T\u00e9cnicas:<\/p>\n<ul>\n<li>Bases de datos.<\/li>\n<li>Office.<\/li>\n<li>Outlook.<\/li>\n<\/ul>\n<p>Metahabilidades:<\/p>\n<ul>\n<li>Comunicaci\u00f3n oral.<\/li>\n<li>Comunicaci\u00f3n escrita. Investigaci\u00f3n de Marketing:<\/li>\n<li>Comportamiento del consumidor.<\/li>\n<li>Publicidad.<\/li>\n<li>Manejo de las ventas.<\/li>\n<\/ul>\n\n<\/div><\/div><\/div>\n\n\t\t<\/div>\n\t\t\t\t\t<\/div>\n\n\t\n\n<\/div>\n<div class=\"text-center\"><div class=\"is-divider divider clearfix\" style=\"max-width:60px;background-color:rgb(11, 145, 24);\"><\/div><\/div>\n\n<div class=\"message-box relative dark\" style=\"padding-top:32px;padding-bottom:32px;\"><div class=\"message-box-bg-image bg-fill fill\" ><\/div><div class=\"message-box-bg-overlay bg-fill fill\" style=\"background-color:rgb(1, 119, 43);\"><\/div><div class=\"container relative\"><div class=\"inner last-reset\">\n\n<div class=\"row align-middle align-center\"  id=\"row-1267445239\">\n\n\n\t<div id=\"col-160641147\" class=\"col medium-7 small-12 large-7\"  >\n\t\t\t\t<div class=\"col-inner\"  >\n\t\t\t\n\t\t\t\n\n\t<div id=\"text-3115249409\" class=\"text\">\n\t\t\n\n<h4>Inscripciones abiertas para los ciclos de enero, mayo y septiembre de cada a\u00f1o.<\/h4>\n\t\t\n<style>\n#text-3115249409 {\n  text-align: center;\n}\n<\/style>\n\t<\/div>\n\t\n\n\t\t<\/div>\n\t\t\t\t\t<\/div>\n\n\t\n\n\t<div id=\"col-1467785624\" class=\"col medium-4 small-12 large-4\"  >\n\t\t\t\t<div class=\"col-inner text-center\"  >\n\t\t\t\n\t\t\t\n\n<a href=\"https:\/\/www.univas.com.mx\/es\/product\/inscripcion-universidad-presencial\/\" target=\"_self\" class=\"button white is-outline\"  style=\"border-radius:99px;\">\n    <span>INSCR\u00cdBETE AQU\u00cd<\/span>\n  <\/a>\n\n\n\n\t\t<\/div>\n\t\t\t\t\t<\/div>\n\n\t\n\n<\/div>\n\n<\/div><\/div><\/div>\n\n","protected":false},"excerpt":{"rendered":"LICENCIATURA EN MARKETING DIGITAL \u00a0 ESTUDIALA EN SOLO SIETE CUATRIMESTRES TURNO MATUTINO Clases de lunes a jueves de 8 am a 1 pm \u00a0 TURNO NOCTURNO Clases de lunes a jueves de 6:30 pm a 9:30 pm TURNO SABATINO Clases solo los s\u00e1bados de 8 am a 3 pm TURNO dominical \u00a0 Clases solo los [...]","protected":false},"author":54,"featured_media":0,"parent":0,"menu_order":0,"comment_status":"closed","ping_status":"closed","template":"page-blank.php","meta":{"footnotes":""},"class_list":["post-4019","page","type-page","status-publish","hentry"],"_links":{"self":[{"href":"https:\/\/www.univas.com.mx\/es\/wp-json\/wp\/v2\/pages\/4019","targetHints":{"allow":["GET"]}}],"collection":[{"href":"https:\/\/www.univas.com.mx\/es\/wp-json\/wp\/v2\/pages"}],"about":[{"href":"https:\/\/www.univas.com.mx\/es\/wp-json\/wp\/v2\/types\/page"}],"author":[{"embeddable":true,"href":"https:\/\/www.univas.com.mx\/es\/wp-json\/wp\/v2\/users\/54"}],"replies":[{"embeddable":true,"href":"https:\/\/www.univas.com.mx\/es\/wp-json\/wp\/v2\/comments?post=4019"}],"version-history":[{"count":5,"href":"https:\/\/www.univas.com.mx\/es\/wp-json\/wp\/v2\/pages\/4019\/revisions"}],"predecessor-version":[{"id":4263,"href":"https:\/\/www.univas.com.mx\/es\/wp-json\/wp\/v2\/pages\/4019\/revisions\/4263"}],"wp:attachment":[{"href":"https:\/\/www.univas.com.mx\/es\/wp-json\/wp\/v2\/media?parent=4019"}],"curies":[{"name":"wp","href":"https:\/\/api.w.org\/{rel}","templated":true}]}}