{"id":3988,"date":"2025-08-11T11:19:47","date_gmt":"2025-08-11T17:19:47","guid":{"rendered":"https:\/\/www.univas.com.mx\/es\/?page_id=3988"},"modified":"2025-08-15T09:03:13","modified_gmt":"2025-08-15T15:03:13","slug":"ingenieria-electromecanica","status":"publish","type":"page","link":"https:\/\/www.univas.com.mx\/es\/ingenieria-electromecanica\/","title":{"rendered":"Ingenier\u00eda Electromec\u00e1nica"},"content":{"rendered":"\n<div class=\"slider-wrapper relative\" id=\"slider-1688363419\" >\n    <div class=\"slider slider-nav-circle slider-nav-large slider-nav-light slider-style-normal\"\n        data-flickity-options='{\n            \"cellAlign\": \"center\",\n            \"imagesLoaded\": true,\n            \"lazyLoad\": 1,\n            \"freeScroll\": false,\n            \"wrapAround\": true,\n            \"autoPlay\": 6000,\n            \"pauseAutoPlayOnHover\" : true,\n            \"prevNextButtons\": true,\n            \"contain\" : true,\n            \"adaptiveHeight\" : true,\n            \"dragThreshold\" : 10,\n            \"percentPosition\": true,\n            \"pageDots\": true,\n            \"rightToLeft\": false,\n            \"draggable\": true,\n            \"selectedAttraction\": 0.1,\n            \"parallax\" : 0,\n            \"friction\": 0.6        }'\n        >\n        \n\n\n  <div class=\"banner has-hover has-video\" id=\"banner-1601782269\">\n          <div class=\"banner-inner fill\">\n        <div class=\"banner-bg fill\" >\n            <div class=\"bg fill bg-fill \"><\/div>\n            \t<div class=\"video-overlay no-click fill hide-for-medium\"><\/div>\n\t<video class=\"video-bg fill hide-for-medium\" preload playsinline autoplay\n\t\tmuted\t\tloop>\n\t\t<source src=\"https:\/\/www.univas.com.mx\/es\/wp-content\/uploads\/2025\/08\/7015120_Stator_Manufacturing_1920x1080.mp4\" type=\"video\/mp4\">\t<\/video>\n            <div class=\"overlay\"><\/div>            \n                    <\/div>\n        <div class=\"banner-layers container\">\n            <div class=\"fill banner-link\"><\/div>            \n\n   <div id=\"text-box-587369110\" class=\"text-box banner-layer x50 md-x50 lg-x50 y50 md-y50 lg-y50 res-text\">\n                     <div data-animate=\"fadeInUp\">           <div class=\"text-box-content text dark\">\n              \n              <div class=\"text-inner text-center\">\n                  \n\n<h3 class=\"uppercase\"><strong>INGENIER\u00cdA ELECTROMEC\u00c1NICA\u00a0<\/strong><\/h3>\n<p>Termina en solo 2.5 a\u00f1os<\/p>\n<div id=\"gtx-trans\" style=\"position: absolute; left: 182px; top: 111.156px;\">\n<div class=\"gtx-trans-icon\">\u00a0<\/div>\n<\/div>\n\n              <\/div>\n           <\/div>\n       <\/div>                     \n<style>\n#text-box-587369110 {\n  width: 60%;\n}\n#text-box-587369110 .text-box-content {\n  font-size: 100%;\n}\n<\/style>\n    <\/div>\n \n\n        <\/div>\n      <\/div>\n\n            \n<style>\n#banner-1601782269 {\n  padding-top: 500px;\n}\n#banner-1601782269 .overlay {\n  background-color: rgba(0,0,0,.5);\n}\n<\/style>\n  <\/div>\n\n\n\n     <\/div>\n\n     <div class=\"loading-spin dark large centered\"><\/div>\n\n     \t<\/div>\n\n\n\t<div id=\"gap-418207252\" class=\"gap-element clearfix\" style=\"display:block; height:auto;\">\n\t\t\n<style>\n#gap-418207252 {\n  padding-top: 30px;\n}\n<\/style>\n\t<\/div>\n\t\n\n<div class=\"container section-title-container\" ><h3 class=\"section-title section-title-center\"><b><\/b><span class=\"section-title-main\" >ESTUDIALA EN SOLO SIETE CUATRIMESTRES<\/span><b><\/b><\/h3><\/div>\n\n<div class=\"row\"  id=\"row-1359631851\">\n\n\n\t<div id=\"col-1866750734\" class=\"col medium-3 small-6 large-3\"  >\n\t\t\t\t<div class=\"col-inner\"  >\n\t\t\t\n\t\t\t\n\n\n  <div class=\"banner has-hover\" id=\"banner-152644965\">\n          <div class=\"banner-inner fill\">\n        <div class=\"banner-bg fill\" >\n            <div class=\"bg fill bg-fill \"><\/div>\n                                    \n                    <\/div>\n        <div class=\"banner-layers container\">\n            <div class=\"fill banner-link\"><\/div>            \n\n   <div id=\"text-box-2091935742\" class=\"text-box banner-layer x50 md-x50 lg-x50 y50 md-y50 lg-y50 res-text\">\n                                <div class=\"text-box-content text dark\">\n              \n              <div class=\"text-inner text-center\">\n                  \n\n<h1 class=\"uppercase\"><strong>TURNO MATUTINO<\/strong><\/h1>\n<div class=\"is-divider divider clearfix\" ><\/div>\n\n<h3>Clases de lunes a jueves de 8 am a 1 pm<\/h3>\n<div id=\"gtx-trans\" style=\"position: absolute; left: -38px; top: 46.5469px;\">\n<div class=\"gtx-trans-icon\">\u00a0<\/div>\n<\/div>\n\n              <\/div>\n           <\/div>\n                            \n<style>\n#text-box-2091935742 {\n  width: 77%;\n}\n#text-box-2091935742 .text-box-content {\n  font-size: 100%;\n}\n<\/style>\n    <\/div>\n \n\n        <\/div>\n      <\/div>\n\n            \n<style>\n#banner-152644965 {\n  padding-top: 160px;\n  background-color: rgb(39, 130, 0);\n}\n<\/style>\n  <\/div>\n\n\n\n\t\t<\/div>\n\t\t\t\t\t<\/div>\n\n\t\n\n\t<div id=\"col-598199344\" class=\"col medium-3 small-6 large-3\"  >\n\t\t\t\t<div class=\"col-inner\"  >\n\t\t\t\n\t\t\t\n\n\n  <div class=\"banner has-hover\" id=\"banner-1480616180\">\n          <div class=\"banner-inner fill\">\n        <div class=\"banner-bg fill\" >\n            <div class=\"bg fill bg-fill \"><\/div>\n                                    \n                    <\/div>\n        <div class=\"banner-layers container\">\n            <div class=\"fill banner-link\"><\/div>            \n\n   <div id=\"text-box-1363400357\" class=\"text-box banner-layer x50 md-x50 lg-x50 y50 md-y50 lg-y50 res-text\">\n                                <div class=\"text-box-content text dark\">\n              \n              <div class=\"text-inner text-center\">\n                  \n\n<h1 class=\"uppercase\"><strong>TURNO NOCTURNO<\/strong><\/h1>\n<div class=\"is-divider divider clearfix\" ><\/div>\n\n<p><H3>Clases de lunes a jueves de 6:30 pm a 9:30 pm<\/H3><\/p>\n\n              <\/div>\n           <\/div>\n                            \n<style>\n#text-box-1363400357 {\n  width: 82%;\n}\n#text-box-1363400357 .text-box-content {\n  font-size: 100%;\n}\n<\/style>\n    <\/div>\n \n\n        <\/div>\n      <\/div>\n\n            \n<style>\n#banner-1480616180 {\n  padding-top: 160px;\n  background-color: rgb(39, 130, 0);\n}\n<\/style>\n  <\/div>\n\n\n\n\t\t<\/div>\n\t\t\t\t\t<\/div>\n\n\t\n\n\t<div id=\"col-510662958\" class=\"col medium-3 small-6 large-3\"  >\n\t\t\t\t<div class=\"col-inner\"  >\n\t\t\t\n\t\t\t\n\n\n  <div class=\"banner has-hover\" id=\"banner-168908489\">\n          <div class=\"banner-inner fill\">\n        <div class=\"banner-bg fill\" >\n            <div class=\"bg fill bg-fill \"><\/div>\n                                    \n                    <\/div>\n        <div class=\"banner-layers container\">\n            <div class=\"fill banner-link\"><\/div>            \n\n   <div id=\"text-box-968223300\" class=\"text-box banner-layer x50 md-x50 lg-x50 y50 md-y50 lg-y50 res-text\">\n                                <div class=\"text-box-content text dark\">\n              \n              <div class=\"text-inner text-center\">\n                  \n\n<h1 class=\"uppercase\"><strong>TURNO SABATINO<\/strong><\/h1>\n<div class=\"is-divider divider clearfix\" ><\/div>\n\n<p><H3>Clases solo los s\u00e1bados de 8 am a 3 pm<\/H3><\/p>\n\n              <\/div>\n           <\/div>\n                            \n<style>\n#text-box-968223300 {\n  width: 82%;\n}\n#text-box-968223300 .text-box-content {\n  font-size: 100%;\n}\n<\/style>\n    <\/div>\n \n\n        <\/div>\n      <\/div>\n\n            \n<style>\n#banner-168908489 {\n  padding-top: 160px;\n  background-color: rgb(39, 130, 0);\n}\n<\/style>\n  <\/div>\n\n\n\n\t\t<\/div>\n\t\t\t\t\t<\/div>\n\n\t\n\n\t<div id=\"col-1865970692\" class=\"col medium-3 small-6 large-3\"  >\n\t\t\t\t<div class=\"col-inner\"  >\n\t\t\t\n\t\t\t\n\n\n  <div class=\"banner has-hover\" id=\"banner-1650238021\">\n          <div class=\"banner-inner fill\">\n        <div class=\"banner-bg fill\" >\n            <div class=\"bg fill bg-fill \"><\/div>\n                                    \n                    <\/div>\n        <div class=\"banner-layers container\">\n            <div class=\"fill banner-link\"><\/div>            \n\n   <div id=\"text-box-614884727\" class=\"text-box banner-layer x50 md-x50 lg-x50 y50 md-y50 lg-y50 res-text\">\n                                <div class=\"text-box-content text dark\">\n              \n              <div class=\"text-inner text-center\">\n                  \n\n<h1 class=\"uppercase\" style=\"text-align: center;\"><strong>TURNO dominical<\/strong><\/h1>\n<div id=\"gtx-trans\" style=\"position: absolute; left: 466px; top: 51.3594px;\">\n<div class=\"gtx-trans-icon\">\u00a0<\/div>\n<\/div>\n<div class=\"is-divider divider clearfix\" ><\/div>\n\n<h3>Clases solo los domingos de 8 am a 3 pm<\/h3>\n<div id=\"gtx-trans\" style=\"position: absolute; left: 141px; top: 47.1562px;\">\n<div class=\"gtx-trans-icon\">\u00a0<\/div>\n<\/div>\n\n              <\/div>\n           <\/div>\n                            \n<style>\n#text-box-614884727 {\n  width: 80%;\n}\n#text-box-614884727 .text-box-content {\n  font-size: 100%;\n}\n<\/style>\n    <\/div>\n \n\n        <\/div>\n      <\/div>\n\n            \n<style>\n#banner-1650238021 {\n  padding-top: 160px;\n  background-color: rgb(39, 130, 0);\n}\n<\/style>\n  <\/div>\n\n\n\n\t\t<\/div>\n\t\t\t\t\t<\/div>\n\n\t\n\n<\/div>\n<div class=\"row\"  id=\"row-40680041\">\n\n\n\t<div id=\"col-526491068\" class=\"col small-12 large-12\"  >\n\t\t\t\t<div class=\"col-inner\"  >\n\t\t\t\n\t\t\t\n\n<div class=\"container section-title-container\" ><h3 class=\"section-title section-title-normal\"><b><\/b><span class=\"section-title-main\" >Objetivo general de la carrera<\/span><b><\/b><\/h3><\/div>\n\n<p style=\"text-align: center;\">Formar profesionistas innovadores de la industria metal-mec\u00e1nica, transformaci\u00f3n y ramas afines, con sentido de responsabilidad, actitudes, valores y competencias que contribuyan al desarrollo tecnol\u00f3gico, profesionistas de alta calidad bajo una educaci\u00f3n integral en el campo de la ingenier\u00eda, considerando en enfoque multidisciplinario hacia el desarrollo, concepci\u00f3n, an\u00e1lisis, dise\u00f1o, planeaci\u00f3n, operaci\u00f3n y optimizaci\u00f3n de sistemas electro-mec\u00e1nicos, en la medida que las propias necesidades lo requieran y que el sector lo demande.<\/p>\n\n\t\t<\/div>\n\t\t\t\t\t<\/div>\n\n\t\n\n<\/div>\n<div class=\"container section-title-container\" ><h3 class=\"section-title section-title-center\"><b><\/b><span class=\"section-title-main\" >plan de estudios<\/span><b><\/b><\/h3><\/div>\n\n\t<div id=\"text-2535541097\" class=\"text\">\n\t\t\n\n<h3 class=\"uppercase\">estudia en 7 CUATRIMESTRES<\/h3>\n<p>Conoce nuestro plan de estudios de 2.5 A\u00d1OS<\/p>\n\t\t\n<style>\n#text-2535541097 {\n  text-align: center;\n}\n<\/style>\n\t<\/div>\n\t\n<div class=\"row\"  id=\"row-1358275486\">\n\n\n\t<div id=\"col-616361617\" class=\"col medium-4 small-12 large-4\"  >\n\t\t\t\t<div class=\"col-inner\"  >\n\t\t\t\n\t\t\t\n\n<div><strong>PRIMER CUATRIMESTRE<\/strong><\/div>\n<div>\u00a0<\/div>\n<div>\n<ul>\n<li>Algebra<\/li>\n<li>C\u00e1lculo Deferencial e Integral<\/li>\n<li>Computaci\u00f3n para Ingenier\u00eda<\/li>\n<li>Geometr\u00eda Anal\u00edtica<\/li>\n<li>Qu\u00edmica<\/li>\n<li>Dibujo<\/li>\n<\/ul>\n<\/div>\n\n\t\t<\/div>\n\t\t\t\t\t<\/div>\n\n\t\n\n\t<div id=\"col-478623819\" class=\"col medium-4 small-12 large-4\"  >\n\t\t\t\t<div class=\"col-inner\"  >\n\t\t\t\n\t\t\t\n\n<div><strong>SEGUNDO CUATRIMESTRE<\/strong><\/div>\n<div>\u00a0<\/div>\n<div>\n<ul>\n<li>Algebra Lineal<\/li>\n<li>C\u00e1lculo Vectorial<\/li>\n<li>Est\u00e1tica<\/li>\n<li>Tecnolog\u00eda de los Materiales<\/li>\n<li>Metodolog\u00eda de la Investigaci\u00f3n<\/li>\n<li>Cinem\u00e1tica y Din\u00e1mica\u00a0<\/li>\n<\/ul>\n<p>I<\/p>\n<\/div>\n\n\t\t<\/div>\n\t\t\t\t\t<\/div>\n\n\t\n\n\t<div id=\"col-1395704589\" class=\"col medium-4 small-12 large-4\"  >\n\t\t\t\t<div class=\"col-inner\"  >\n\t\t\t\n\t\t\t\n\n<div><strong>TERCER SEMESTRE<\/strong><\/div>\n<div>\u00a0<\/div>\n<div>\n<ul>\n<li>Programaci\u00f3n Aplicada a la Ingenier\u00eda<\/li>\n<li>M\u00e9todos Num\u00e9ricos<\/li>\n<li>Ecuaciones Diferenciales<\/li>\n<li>Electricidad y Magnetismo<\/li>\n<li>Termodin\u00e1mica Aplicada<\/li>\n<li>Probabilidad y Estad\u00edstica<\/li>\n<\/ul>\n<\/div>\n\n\t\t<\/div>\n\t\t\t\t\t<\/div>\n\n\t\n\n<\/div>\n<div class=\"row\"  id=\"row-1164681792\">\n\n\n\t<div id=\"col-593634894\" class=\"col medium-4 small-12 large-4\"  >\n\t\t\t\t<div class=\"col-inner\"  >\n\t\t\t\n\t\t\t\n\n<div><strong>CUARTO CUATRIMESTRE<\/strong><\/div>\n<div>\u00a0<\/div>\n<div>\n<ul>\n<li>Mec\u00e1nica de S\u00f3lidos<\/li>\n<li>Mec\u00e1nica de Fluidos<\/li>\n<li>Costos y Evaluaci\u00f3n Econ\u00f3mica<\/li>\n<li>An\u00e1lisis de Circuitos El\u00e9ctricos<\/li>\n<li>Din\u00e1mica de Sistemas F\u00edsicos<\/li>\n<li>Dise\u00f1o de Elementos de M\u00e1quinas<\/li>\n<\/ul>\n<\/div>\n\n\t\t<\/div>\n\t\t\t\t\t<\/div>\n\n\t\n\n\t<div id=\"col-740499700\" class=\"col medium-4 small-12 large-4\"  >\n\t\t\t\t<div class=\"col-inner\"  >\n\t\t\t\n\t\t\t\n\n<div><strong>QUINTO CUATRIMESTRE<\/strong><\/div>\n<div>\u00a0<\/div>\n<div>\n<ul>\n<li>Ingenier\u00eda de los Materiales<\/li>\n<li>Electr\u00f3nica B\u00e1sica<\/li>\n<li>Medici\u00f3n e Instrumentaci\u00f3n El\u00e9ctrica<\/li>\n<li>Control Electromec\u00e1nico<\/li>\n<li>Mecanismos<\/li>\n<li>Turbomaquinaria<\/li>\n<\/ul>\n<\/div>\n\n\t\t<\/div>\n\t\t\t\t\t<\/div>\n\n\t\n\n\t<div id=\"col-69336508\" class=\"col medium-4 small-12 large-4\"  >\n\t\t\t\t<div class=\"col-inner\"  >\n\t\t\t\n\t\t\t\n\n<div><strong>SEXTO CUATRIMESTRE<\/strong><\/div>\n<div>\u00a0<\/div>\n<div>\n<ul>\n<li>Procesos de Conformado de Materiales<\/li>\n<li>Transformadores y Motores de Inducci\u00f3n<\/li>\n<li>Din\u00e1mica de Maquinaria<\/li>\n<li>M\u00e1quinas de Desplazamiento Positivo<\/li>\n<li>Procesos de Corte de Materiales<\/li>\n<li>Dise\u00f1o por Computadora<\/li>\n<\/ul>\n<\/div>\n\n\t\t<\/div>\n\t\t\t\t\t<\/div>\n\n\t\n\n<\/div>\n<div class=\"row\"  id=\"row-959095780\">\n\n\n\t<div id=\"col-1264698716\" class=\"col medium-4 small-12 large-4\"  >\n\t\t\t\t<div class=\"col-inner\"  >\n\t\t\t\n\t\t\t\n\n<div><strong>SEPTIMO CUATRIMESTRE<\/strong><\/div>\n<div>\u00a0<\/div>\n<div>\n<ul>\n<li>Laboratorio de M\u00e1quinas T\u00e9rmicas<\/li>\n<li>Laboratorio de Mec\u00e1nica de Fluidos<\/li>\n<li>M\u00e1quinas de Corriente Directa y M\u00e1quinas Sincr\u00f3nicas<\/li>\n<li>Teor\u00eda de Control y Rob\u00f3tica<\/li>\n<li>Instalaciones El\u00e9ctricas<\/li>\n<li>Sistemas El\u00e9ctricos de Potencia<\/li>\n<\/ul>\n<\/div>\n<div>\n<p>\u00a0<\/p>\n<\/div>\n\n\t\t<\/div>\n\t\t\t\t\t<\/div>\n\n\t\n\n\t<div id=\"col-322373587\" class=\"col medium-4 small-12 large-4\"  >\n\t\t\t\t<div class=\"col-inner\"  >\n\t\t\t\n\t\t\t\n\n\n\t\t<\/div>\n\t\t\t\t\t<\/div>\n\n\t\n\n\t<div id=\"col-1252982052\" class=\"col medium-4 small-12 large-4\"  >\n\t\t\t\t<div class=\"col-inner\"  >\n\t\t\t\n\t\t\t\n\n\n\t\t<\/div>\n\t\t\t\t\t<\/div>\n\n\t\n\n<\/div>\n<div class=\"text-center\"><div class=\"is-divider divider clearfix\" style=\"max-width:200px;background-color:rgb(41, 153, 25);\"><\/div><\/div>\n\n<div class=\"row\"  id=\"row-668712605\">\n\n\n\t<div id=\"col-517555868\" class=\"col small-12 large-12\"  >\n\t\t\t\t<div class=\"col-inner\"  >\n\t\t\t\n\t\t\t\n\n\n\t\t<div class=\"tabbed-content\">\n\t\t\t<h4 class=\"uppercase text-left\">PERFIL DE EGRESO<\/h4>\n\t\t\t<ul class=\"nav nav-pills nav-uppercase nav-size-normal nav-left\"><li class=\"tab active has-icon\"><a href=\"#tab_conocimientos\"><span>CONOCIMIENTOS<\/span><\/a><\/li>\n<li class=\"tab has-icon\"><a href=\"#tab_habilidades\"><span>HABILIDADES<\/span><\/a><\/li>\n<li class=\"tab has-icon\"><a href=\"#tab_actitudes\"><span>ACTITUDES<\/span><\/a><\/li>\n<li class=\"tab has-icon\"><a href=\"#tab_destrezas\"><span>DESTREZAS<\/span><\/a><\/li><\/ul><div class=\"tab-panels\"><div class=\"panel active entry-content\" id=\"tab_conocimientos\">\n\n<ul>\n<li>Poseer\u00e1 conocimientos s\u00f3lidos de las ciencias b\u00e1sicas que sustentan los principios de la ingenier\u00eda mec\u00e1nica el\u00e9ctrica.<\/li>\n<li>Poseer\u00e1 los conocimientos fundamentales de la ingenier\u00eda mec\u00e1nica el\u00e9ctrica tales como dise\u00f1o mec\u00e1nico, instalaciones el\u00e9ctricas, manufactura, m\u00e1quinas el\u00e9ctricas, tecnolog\u00eda de los materiales, mec\u00e1nica de fluidos, transferencia de calor, generaci\u00f3n, transmisi\u00f3n y distribuci\u00f3n de la energ\u00eda el\u00e9ctrica.<\/li>\n<li>Tendr\u00e1 conocimientos del estudio de materiales, automatizaci\u00f3n de procesos y m\u00e1quinas, rob\u00f3tica, uso de energ\u00eda, iluminaci\u00f3n, aseguramiento de calidad, dise\u00f1o de equipo t\u00e9rmico y de herramental.<\/li>\n<li>Tendr\u00e1 el dominio de las herramientas computacionales y la capacidad para la soluci\u00f3n de problemas tecnol\u00f3gicos, con experiencia en el uso de software aplicado al dibujo, dise\u00f1o y manufactura asistido por computadora.<\/li>\n<li>Poseer\u00e1 aptitudes para aplicar el razonamiento cient\u00edfico a la soluci\u00f3n de problemas pr\u00e1cticos y la habilidad para detectar y definir la naturaleza esencial de los problemas propios de la ingenier\u00eda, as\u00ed como para desarrollar y adaptar la metodolog\u00eda m\u00e1s adecuada para su soluci\u00f3n.<\/li>\n<li>Contar\u00e1 con saberes b\u00e1sicos de administraci\u00f3n, ciencias sociales y humanidades.<\/li>\n<li>Contar\u00e1 con la capacidad, responsabilidad y compromiso para trabajar en equipo, as\u00ed como para formar y dirigir grupos de trabajo.<\/li>\n<li>Tendr\u00e1 visi\u00f3n del desarrollo humano y ser\u00e1 capaz de participar en actividades sociales, culturales y deportivas que complementen su desarrollo personal y profesional.<\/li>\n<li>Tendr\u00e1n las habilidades necesarias para desempe\u00f1ar sus funciones en diversos sectores sociales, como elemento medular para el trabajo interdisciplinario.<\/li>\n<\/ul>\n\n<\/div>\n<div class=\"panel entry-content\" id=\"tab_habilidades\">\n\n<ul>\n<li>Analiza y dise\u00f1a sistemas electromec\u00e1nicos y de control que determinen el proceso necesario para fabricar\u00a0un producto.<\/li>\n<li>Eval\u00faa y discierne sobre la calidad obtenida en el producto final de una cadena de producci\u00f3n, de acuerdo con est\u00e1ndares nacionales e internacionales.<\/li>\n<li>Elabora e interpreta planos de ingenier\u00eda b\u00e1sica y de detalle.<\/li>\n<li>Analiza y resuelve problemas relacionados con la operaci\u00f3n de equipo electromec\u00e1nico.<\/li>\n<li>Supervisa las tareas de construcci\u00f3n de equipo electromec\u00e1nico y la labor del personal en el montaje y mantenimiento del mismo.<\/li>\n<li>Dise\u00f1a instalaciones el\u00e9ctricas y de aire acondicionado residencial, comercial e industrial.<\/li>\n<li>Dise\u00f1a y opera sistemas de bombeo, con diferente fluido de trabajo, empleados en la industria metal mec\u00e1nica, de generaci\u00f3n el\u00e9ctrica, portuaria y en el sector agr\u00edcola.<\/li>\n<li>Participa en el an\u00e1lisis y toma de decisiones de diferentes alternativas para integrar un sistema el\u00e9ctrico o mec\u00e1nico eficiente.<\/li>\n<li>Selecciona y recomienda equipo mec\u00e1nico y el\u00e9ctrico como motores, generadores, fuentes de poder y equipo electromagn\u00e9tico.<\/li>\n<li>Ejecuta pruebas de operaci\u00f3n de equipo mec\u00e1nico, el\u00e9ctrico y electr\u00f3nico.<\/li>\n<li>Analiza la estabilidad y fallas en sistemas de potencia.<\/li>\n<li>Dise\u00f1a sistemas de control de operaci\u00f3n de equipo en las cadenas de producci\u00f3n.<\/li>\n<li>Realiza labores de supervisi\u00f3n y administraci\u00f3n de recursos humanos para el mantenimiento de instalaciones y equipo.<\/li>\n<li>Realiza tareas acertadas en el campo de la investigaci\u00f3n y desarrollo de tecnolog\u00eda innovadora.<\/li>\n<\/ul>\n\n<\/div>\n<div class=\"panel entry-content\" id=\"tab_actitudes\">\n\n<ul>\n<li>Realizar estudios y pruebas de los materiales requeridos para la construcci\u00f3n de dispositivos, m\u00e1quinas y fabricaci\u00f3n de productos, adem\u00e1s de apoyar a la industria petrolera, minera, sider\u00fargica y a la agroindustria, as\u00ed como al servicio de transporte, de salud y de la alimentaci\u00f3n, entre otras.<\/li>\n<li>Realizar actividades, tanto en el sector p\u00fablico como en el privado, y en todas aquellas \u00e1reas que tienen relaci\u00f3n con la ingenier\u00eda en sus diversos campos de aplicaci\u00f3n. Adem\u00e1s de participar en empresas de consultor\u00eda, dise\u00f1o y construcci\u00f3n, en planeaci\u00f3n, instalaci\u00f3n y operaci\u00f3n. Es com\u00fan el trabajo en grupos e interactuando con profesionales y t\u00e9cnicos de diversas disciplinas, de acuerdo con el campo de trabajo, para atender las demandas y necesidades de la sociedad.<\/li>\n<li>Asimismo, desempe\u00f1ar actividades de investigaci\u00f3n en instituciones de educaci\u00f3n superior y centros de investigaci\u00f3n; participar en empresas de consultor\u00eda, de dise\u00f1o y construcci\u00f3n, en planeaci\u00f3n, instalaci\u00f3n y operaci\u00f3n.<\/li>\n<li>Adem\u00e1s de poseer un esp\u00edritu creativo y emprendedor que le permita desarrollar sistemas propios y crear peque\u00f1as empresas que generen diversas fuentes de empleo. Su trabajo lo realizar\u00e1 utilizando an\u00e1lisis t\u00e9cnico y econ\u00f3mico, sin dejar de considerar el impacto ambiental y social de sus propuestas.<\/li>\n<\/ul>\n\n<\/div>\n<div class=\"panel entry-content\" id=\"tab_destrezas\">\n\n<p>Al ser una profesi\u00f3n pr\u00e1ctica y did\u00e1ctica requiere de ciertas destrezas que convertir\u00e1n a sus especialistas en profesionales id\u00f3neos para el desarrollo de infraestructura el\u00e9ctrica y el incremento de la eficiencia en los sistemas mec\u00e1nicos y energ\u00e9ticos de las diferentes empresas.<\/p>\n<ul>\n<li><strong>Habilidades comunicativas: <\/strong>Los ingenieros mec\u00e1nicos el\u00e9ctricos deben comunicar con eficacia el concepto de un dise\u00f1o tanto de forma oral como escrita. El saber comunicarse de manera asertiva y escuchar activamente tambi\u00e9n es clave para dirigir equipos de trabajo cuando asumen cargos como supervisor y jefe de \u00e1rea.<\/li>\n<li><strong>Conocimiento num\u00e9rico: <\/strong>Es importante tener una base o habilidades a nivel medio para la Matem\u00e1tica y la F\u00edsica porque son materias que se convertir\u00e1n en tus grandes amigas durante la vida universitaria y el desarrollo profesional. Tambi\u00e9n lo es el tener una mente anal\u00edtica, l\u00f3gica y con razonamiento.<\/li>\n<li><strong>Curiosidad por la mec\u00e1nica y la el\u00e9ctrica: <\/strong>Un aspirante a estudiar la carrera de Ingenier\u00eda Mec\u00e1nica El\u00e9ctrica debe sentir inter\u00e9s y voluntad para desarrollarse en el \u00e1mbito del conocimiento sobre el uso de la energ\u00eda en sus diferentes formas, la electr\u00f3nica, la automatizaci\u00f3n y el dise\u00f1o mec\u00e1nico.<\/li>\n<li><strong>Creatividad: <\/strong>Un ingeniero mec\u00e1nico el\u00e9ctrico es creativo e innovador para buscar soluciones frente a los conflictos que encuentra en las industrias. Asimismo, para proyectar sus ideas de manera gr\u00e1fica, simb\u00f3lica y computacional. Adem\u00e1s, para elaborar dise\u00f1os mec\u00e1nicos de acuerdo con una necesidad actual.<\/li>\n<li><strong>Trabajo en equipo: <\/strong>El trabajo de un ingeniero implica el contacto con sus colegas para las labores propias de su carrera. Asimismo, con otros profesionales como ingenieros industriales, administradores, etc.; con quienes tomar\u00e1 decisiones en conjunto para el bienestar de la industria donde labora.<\/li>\n<li><strong>Habilidad manual: <\/strong>Al estudiar esta carrera tendr\u00e1 la misi\u00f3n de dise\u00f1ar y fabricar m\u00e1quinas y piezas para diferentes empresas, por ello, el trabajo manual es clave para el manejo de herramientas tecnol\u00f3gicas. Asimismo, es importante para el uso de instrumentos durante el trabajo en el laboratorio.<\/li>\n<li><strong>Atenci\u00f3n al detalle: T<\/strong>odo proceso de ingenier\u00eda requiere de especialistas minuciosos y con una gran atenci\u00f3n al detalle. En esta rama, por ejemplo, los ingenieros deben ser meticulosos durante el dise\u00f1o electromec\u00e1nico y tener en cuenta las piezas, los planos, el funcionamiento de los equipos.<\/li>\n<\/ul>\n\n<\/div><\/div><\/div>\n\n\t\t<\/div>\n\t\t\t\t\t<\/div>\n\n\t\n\n<\/div>\n<div class=\"text-center\"><div class=\"is-divider divider clearfix\" style=\"max-width:60px;background-color:rgb(11, 145, 24);\"><\/div><\/div>\n\n<div class=\"message-box relative dark\" style=\"padding-top:32px;padding-bottom:32px;\"><div class=\"message-box-bg-image bg-fill fill\" ><\/div><div class=\"message-box-bg-overlay bg-fill fill\" style=\"background-color:rgb(1, 119, 43);\"><\/div><div class=\"container relative\"><div class=\"inner last-reset\">\n\n<div class=\"row align-middle align-center\"  id=\"row-1875002549\">\n\n\n\t<div id=\"col-1828148736\" class=\"col medium-8 small-12 large-8\"  >\n\t\t\t\t<div class=\"col-inner\"  >\n\t\t\t\n\t\t\t\n\n\t<div id=\"text-360053286\" class=\"text\">\n\t\t\n\n<h4>Inscripciones abiertas para los ciclos de enero, mayo y septiembre de cada a\u00f1o.<\/h4>\n\t\t\n<style>\n#text-360053286 {\n  text-align: center;\n}\n<\/style>\n\t<\/div>\n\t\n\n\t\t<\/div>\n\t\t\t\t\t<\/div>\n\n\t\n\n\t<div id=\"col-65743051\" class=\"col medium-3 small-12 large-3\"  >\n\t\t\t\t<div class=\"col-inner text-center\"  >\n\t\t\t\n\t\t\t\n\n<a href=\"https:\/\/www.univas.com.mx\/es\/product\/inscripcion-universidad-presencial\/\" target=\"_self\" class=\"button white is-outline\"  style=\"border-radius:99px;\">\n    <span>INSCR\u00cdBETE AQU\u00cd<\/span>\n  <\/a>\n\n\n\n\t\t<\/div>\n\t\t\t\t\t<\/div>\n\n\t\n\n<\/div>\n\n<\/div><\/div><\/div>\n\n","protected":false},"excerpt":{"rendered":"INGENIER\u00cdA ELECTROMEC\u00c1NICA\u00a0 Termina en solo 2.5 a\u00f1os \u00a0 ESTUDIALA EN SOLO SIETE CUATRIMESTRES TURNO MATUTINO Clases de lunes a jueves de 8 am a 1 pm \u00a0 TURNO NOCTURNO Clases de lunes a jueves de 6:30 pm a 9:30 pm TURNO SABATINO Clases solo los s\u00e1bados de 8 am a 3 pm TURNO dominical \u00a0 [...]","protected":false},"author":54,"featured_media":0,"parent":0,"menu_order":0,"comment_status":"closed","ping_status":"closed","template":"page-blank.php","meta":{"footnotes":""},"class_list":["post-3988","page","type-page","status-publish","hentry"],"_links":{"self":[{"href":"https:\/\/www.univas.com.mx\/es\/wp-json\/wp\/v2\/pages\/3988","targetHints":{"allow":["GET"]}}],"collection":[{"href":"https:\/\/www.univas.com.mx\/es\/wp-json\/wp\/v2\/pages"}],"about":[{"href":"https:\/\/www.univas.com.mx\/es\/wp-json\/wp\/v2\/types\/page"}],"author":[{"embeddable":true,"href":"https:\/\/www.univas.com.mx\/es\/wp-json\/wp\/v2\/users\/54"}],"replies":[{"embeddable":true,"href":"https:\/\/www.univas.com.mx\/es\/wp-json\/wp\/v2\/comments?post=3988"}],"version-history":[{"count":7,"href":"https:\/\/www.univas.com.mx\/es\/wp-json\/wp\/v2\/pages\/3988\/revisions"}],"predecessor-version":[{"id":4103,"href":"https:\/\/www.univas.com.mx\/es\/wp-json\/wp\/v2\/pages\/3988\/revisions\/4103"}],"wp:attachment":[{"href":"https:\/\/www.univas.com.mx\/es\/wp-json\/wp\/v2\/media?parent=3988"}],"curies":[{"name":"wp","href":"https:\/\/api.w.org\/{rel}","templated":true}]}}