{"id":191,"date":"2021-04-20T20:29:25","date_gmt":"2021-04-20T20:29:25","guid":{"rendered":"https:\/\/www.univas.com.mx\/es\/?page_id=191"},"modified":"2025-08-15T09:28:19","modified_gmt":"2025-08-15T15:28:19","slug":"logistica-empresarial","status":"publish","type":"page","link":"https:\/\/www.univas.com.mx\/es\/logistica-empresarial\/","title":{"rendered":"Ingenier\u00eda en Log\u00edstica"},"content":{"rendered":"\n<div class=\"slider-wrapper relative\" id=\"slider-1989003172\" >\n    <div class=\"slider slider-nav-circle slider-nav-large slider-nav-light slider-style-normal\"\n        data-flickity-options='{\n            \"cellAlign\": \"center\",\n            \"imagesLoaded\": true,\n            \"lazyLoad\": 1,\n            \"freeScroll\": false,\n            \"wrapAround\": true,\n            \"autoPlay\": 6000,\n            \"pauseAutoPlayOnHover\" : true,\n            \"prevNextButtons\": true,\n            \"contain\" : true,\n            \"adaptiveHeight\" : true,\n            \"dragThreshold\" : 10,\n            \"percentPosition\": true,\n            \"pageDots\": true,\n            \"rightToLeft\": false,\n            \"draggable\": true,\n            \"selectedAttraction\": 0.1,\n            \"parallax\" : 0,\n            \"friction\": 0.6        }'\n        >\n        \n\n\n  <div class=\"banner has-hover has-video\" id=\"banner-1695877722\">\n          <div class=\"banner-inner fill\">\n        <div class=\"banner-bg fill\" >\n            <div class=\"bg fill bg-fill \"><\/div>\n            \t<div class=\"video-overlay no-click fill hide-for-medium\"><\/div>\n\t<video class=\"video-bg fill hide-for-medium\" preload playsinline autoplay\n\t\tmuted\t\tloop>\n\t\t<source src=\"https:\/\/www.univas.com.mx\/es\/wp-content\/uploads\/2025\/08\/6830956_Storage_Industrial_1920x1080.mp4\" type=\"video\/mp4\">\t<\/video>\n            <div class=\"overlay\"><\/div>            \n                    <\/div>\n        <div class=\"banner-layers container\">\n            <div class=\"fill banner-link\"><\/div>            \n\n   <div id=\"text-box-282709479\" class=\"text-box banner-layer x50 md-x50 lg-x50 y50 md-y50 lg-y50 res-text\">\n                                <div class=\"text-box-content text dark\">\n              \n              <div class=\"text-inner text-center\">\n                  \n\n<h3 class=\"uppercase\"><strong>INGENIER\u00cdA EN LOG\u00cdSTICA<\/strong><\/h3>\n<p>Termina en solo 2.5 a\u00f1os<\/p>\n<div id=\"gtx-trans\" style=\"position: absolute; left: 319px; top: 44.5469px;\">\n<div class=\"gtx-trans-icon\">\u00a0<\/div>\n<\/div>\n\n              <\/div>\n           <\/div>\n                            \n<style>\n#text-box-282709479 {\n  width: 60%;\n}\n#text-box-282709479 .text-box-content {\n  font-size: 100%;\n}\n<\/style>\n    <\/div>\n \n\n        <\/div>\n      <\/div>\n\n            \n<style>\n#banner-1695877722 {\n  padding-top: 500px;\n}\n#banner-1695877722 .overlay {\n  background-color: rgba(0,0,0,.5);\n}\n<\/style>\n  <\/div>\n\n\n\n     <\/div>\n\n     <div class=\"loading-spin dark large centered\"><\/div>\n\n     \t<\/div>\n\n\n\t<div id=\"gap-500343414\" class=\"gap-element clearfix\" style=\"display:block; height:auto;\">\n\t\t\n<style>\n#gap-500343414 {\n  padding-top: 30px;\n}\n<\/style>\n\t<\/div>\n\t\n\n<div class=\"container section-title-container\" ><h3 class=\"section-title section-title-center\"><b><\/b><span class=\"section-title-main\" >ESTUDIALA EN SOLO SIETE CUATRIMESTRES<\/span><b><\/b><\/h3><\/div>\n\n<div class=\"row\"  id=\"row-1370083687\">\n\n\n\t<div id=\"col-587170553\" class=\"col small-12 large-12\"  >\n\t\t\t\t<div class=\"col-inner\"  >\n\t\t\t\n\t\t\t\n\n<div class=\"row\"  id=\"row-95465301\">\n\n\n\t<div id=\"col-1038675091\" class=\"col medium-3 small-6 large-3\"  >\n\t\t\t\t<div class=\"col-inner\"  >\n\t\t\t\n\t\t\t\n\n\n  <div class=\"banner has-hover\" id=\"banner-1755421278\">\n          <div class=\"banner-inner fill\">\n        <div class=\"banner-bg fill\" >\n            <div class=\"bg fill bg-fill \"><\/div>\n                                    \n                    <\/div>\n        <div class=\"banner-layers container\">\n            <div class=\"fill banner-link\"><\/div>            \n\n   <div id=\"text-box-326213942\" class=\"text-box banner-layer x50 md-x50 lg-x50 y50 md-y50 lg-y50 res-text\">\n                                <div class=\"text-box-content text dark\">\n              \n              <div class=\"text-inner text-center\">\n                  \n\n<h1 class=\"uppercase\"><strong>TURNO MATUTINO<\/strong><\/h1>\n<div class=\"is-divider divider clearfix\" ><\/div>\n\n<h3>Clases de lunes a jueves de 8:00 A 13 Horas<\/h3>\n\n              <\/div>\n           <\/div>\n                            \n<style>\n#text-box-326213942 {\n  width: 90%;\n}\n#text-box-326213942 .text-box-content {\n  font-size: 100%;\n}\n<\/style>\n    <\/div>\n \n\n        <\/div>\n      <\/div>\n\n            \n<style>\n#banner-1755421278 {\n  padding-top: 160px;\n  background-color: rgb(39, 130, 0);\n}\n<\/style>\n  <\/div>\n\n\n\n\t\t<\/div>\n\t\t\t\t\t<\/div>\n\n\t\n\n\t<div id=\"col-21130001\" class=\"col medium-3 small-6 large-3\"  >\n\t\t\t\t<div class=\"col-inner\"  >\n\t\t\t\n\t\t\t\n\n\n  <div class=\"banner has-hover\" id=\"banner-1093043260\">\n          <div class=\"banner-inner fill\">\n        <div class=\"banner-bg fill\" >\n            <div class=\"bg fill bg-fill \"><\/div>\n                                    \n                    <\/div>\n        <div class=\"banner-layers container\">\n            <div class=\"fill banner-link\"><\/div>            \n\n   <div id=\"text-box-1420893240\" class=\"text-box banner-layer x50 md-x50 lg-x50 y50 md-y50 lg-y50 res-text\">\n                                <div class=\"text-box-content text dark\">\n              \n              <div class=\"text-inner text-center\">\n                  \n\n<h1 class=\"uppercase\"><strong>TURNO NOCTURNO<\/strong><\/h1>\n<div class=\"is-divider divider clearfix\" ><\/div>\n\n<p><H3>Clases de lunes a jueves de 6:30 pm a 9:30 pm<\/H3><\/p>\n\n              <\/div>\n           <\/div>\n                            \n<style>\n#text-box-1420893240 {\n  width: 77%;\n}\n#text-box-1420893240 .text-box-content {\n  font-size: 100%;\n}\n<\/style>\n    <\/div>\n \n\n        <\/div>\n      <\/div>\n\n            \n<style>\n#banner-1093043260 {\n  padding-top: 160px;\n  background-color: rgb(39, 130, 0);\n}\n<\/style>\n  <\/div>\n\n\n\n\t\t<\/div>\n\t\t\t\t\t<\/div>\n\n\t\n\n\t<div id=\"col-550319051\" class=\"col medium-3 small-6 large-3\"  >\n\t\t\t\t<div class=\"col-inner\"  >\n\t\t\t\n\t\t\t\n\n\n  <div class=\"banner has-hover\" id=\"banner-106773424\">\n          <div class=\"banner-inner fill\">\n        <div class=\"banner-bg fill\" >\n            <div class=\"bg fill bg-fill \"><\/div>\n                                    \n                    <\/div>\n        <div class=\"banner-layers container\">\n            <div class=\"fill banner-link\"><\/div>            \n\n   <div id=\"text-box-1002172268\" class=\"text-box banner-layer x50 md-x50 lg-x50 y50 md-y50 lg-y50 res-text\">\n                                <div class=\"text-box-content text dark\">\n              \n              <div class=\"text-inner text-center\">\n                  \n\n<h1 class=\"uppercase\"><strong>TURNO SABATINO<\/strong><\/h1>\n<div class=\"is-divider divider clearfix\" ><\/div>\n\n<p><H3>Clases solo los s\u00e1bados de 8 am a 3 pm<\/H3><\/p>\n\n              <\/div>\n           <\/div>\n                            \n<style>\n#text-box-1002172268 {\n  width: 75%;\n}\n#text-box-1002172268 .text-box-content {\n  font-size: 100%;\n}\n<\/style>\n    <\/div>\n \n\n        <\/div>\n      <\/div>\n\n            \n<style>\n#banner-106773424 {\n  padding-top: 160px;\n  background-color: rgb(39, 130, 0);\n}\n<\/style>\n  <\/div>\n\n\n\n\t\t<\/div>\n\t\t\t\t\t<\/div>\n\n\t\n\n\t<div id=\"col-2097290749\" class=\"col medium-3 small-6 large-3\"  >\n\t\t\t\t<div class=\"col-inner\"  >\n\t\t\t\n\t\t\t\n\n\n  <div class=\"banner has-hover\" id=\"banner-1732084292\">\n          <div class=\"banner-inner fill\">\n        <div class=\"banner-bg fill\" >\n            <div class=\"bg fill bg-fill \"><\/div>\n                                    \n                    <\/div>\n        <div class=\"banner-layers container\">\n            <div class=\"fill banner-link\"><\/div>            \n\n   <div id=\"text-box-393576581\" class=\"text-box banner-layer x50 md-x50 lg-x50 y50 md-y50 lg-y50 res-text\">\n                                <div class=\"text-box-content text dark\">\n              \n              <div class=\"text-inner text-center\">\n                  \n\n<h1 class=\"uppercase\"><strong>TURNO DOMINICAL<\/strong><\/h1>\n\n<div class=\"is-divider divider clearfix\" ><\/div>\n\n<p><H3>Clases solo los domingos de 8 am a 3 pm<\/H3><\/p>\n\n\n              <\/div>\n           <\/div>\n                            \n<style>\n#text-box-393576581 {\n  width: 80%;\n}\n#text-box-393576581 .text-box-content {\n  font-size: 100%;\n}\n<\/style>\n    <\/div>\n \n\n        <\/div>\n      <\/div>\n\n            \n<style>\n#banner-1732084292 {\n  padding-top: 160px;\n  background-color: rgb(39, 130, 0);\n}\n<\/style>\n  <\/div>\n\n\n\n\t\t<\/div>\n\t\t\t\t\t<\/div>\n\n\t\n\n<\/div>\n<div class=\"container section-title-container\" ><h3 class=\"section-title section-title-normal\"><b><\/b><span class=\"section-title-main\" >Objetivo general de la carrera<\/span><b><\/b><\/h3><\/div>\n\n<p style=\"text-align: center;\">Formar Ingenieros en Log\u00edstica con un alto sentido de la gesti\u00f3n de negocios, del entorno y del mercado, orientado a la optimizaci\u00f3n del costo-beneficio de las organizaciones mediante la administraci\u00f3n de la cadena de suministro, capaces de ofrecer soluci\u00f3n a la problem\u00e1tica que se presenta en las \u00e1reas de aprovisionamiento, canales de distribuci\u00f3n, aduanas, evaluaci\u00f3n de negocios log\u00edsticos, con una perspectiva \u00e9tica, humanista, emprendedora y con responsabilidad social.<\/p>\n\n\t\t<\/div>\n\t\t\t\t\t<\/div>\n\n\t\n\n<\/div>\n<div class=\"container section-title-container\" ><h3 class=\"section-title section-title-center\"><b><\/b><span class=\"section-title-main\" style=\"color:rgb(0, 0, 0);\">plan de estudios<\/span><b><\/b><\/h3><\/div>\n\n\t<div id=\"text-3609423560\" class=\"text\">\n\t\t\n\n\n\t\t\n<style>\n#text-3609423560 {\n  text-align: center;\n}\n<\/style>\n\t<\/div>\n\t\n<div class=\"row\"  id=\"row-299718070\">\n\n\n\t<div id=\"col-828273361\" class=\"col medium-4 small-12 large-4\"  >\n\t\t\t\t<div class=\"col-inner\"  >\n\t\t\t\n\t\t\t\n\n<div><strong>PRIMER CUATRIMESTRE<\/strong><\/div>\n<div>\u00a0<\/div>\n<div>\n<ul>\n<li>Matem\u00e1ticas<\/li>\n<li>Probabilidad y Estad\u00edstica<\/li>\n<li>Ingenier\u00eda de Tr\u00e1nsito<\/li>\n<li>Introducci\u00f3n a la Log\u00edstica<\/li>\n<li>Administraci\u00f3n<\/li>\n<li>Cadena de Suministro<\/li>\n<\/ul>\n<\/div>\n\n\t\t<\/div>\n\t\t\t\t\t<\/div>\n\n\t\n\n\t<div id=\"col-1886720726\" class=\"col medium-4 small-12 large-4\"  >\n\t\t\t\t<div class=\"col-inner\"  >\n\t\t\t\n\t\t\t\n\n<div><strong>SEGUNDO CUATRIMESTRE<\/strong><\/div>\n<div>\u00a0<\/div>\n<div>\n<ul>\n<li>Canales de Distribuci\u00f3n y Log\u00edstica.<\/li>\n<li>Tr\u00e1fico y transporte<\/li>\n<li>C\u00e1lculo Diferencial e Integral<\/li>\n<li>Administraci\u00f3n de Operaciones I<\/li>\n<li>Geograf\u00eda del Transporte<\/li>\n<li>Distribuci\u00f3n y log\u00edstica<\/li>\n<\/ul>\n<\/div>\n\n\t\t<\/div>\n\t\t\t\t\t<\/div>\n\n\t\n\n\t<div id=\"col-948228366\" class=\"col medium-4 small-12 large-4\"  >\n\t\t\t\t<div class=\"col-inner\"  >\n\t\t\t\n\t\t\t\n\n<div><strong>TERCER CUATRIMESTRE<\/strong><\/div>\n<div>\u00a0<\/div>\n<div>\n<ul>\n<li>Estudio de Ingenier\u00eda del Transporte<\/li>\n<li>Log\u00edstica Internacional<\/li>\n<li>Tr\u00e1fico y log\u00edstica Internacional I<\/li>\n<li>Modelos cuantitativos y de Optimizaci\u00f3n<\/li>\n<li>Administraci\u00f3n de Operaciones II<\/li>\n<li>Negociaci\u00f3n y resoluci\u00f3n de conflictos<\/li>\n<\/ul>\n<\/div>\n\n\t\t<\/div>\n\t\t\t\t\t<\/div>\n\n\t\n\n<\/div>\n<div class=\"row\"  id=\"row-948754221\">\n\n\n\t<div id=\"col-1059124040\" class=\"col medium-4 small-12 large-4\"  >\n\t\t\t\t<div class=\"col-inner\"  >\n\t\t\t\n\t\t\t\n\n<div><strong>CUARTO CUATRIMESTRE<\/strong><\/div>\n<div>\u00a0<\/div>\n<div>\n<ul>\n<li>Tr\u00e1fico y log\u00edstica Internacional II<\/li>\n<li>Formulaci\u00f3n y Evaluaci\u00f3n de proyectos de Inversi\u00f3n<\/li>\n<li>Metodolog\u00eda de la Investigaci\u00f3n.<\/li>\n<li>Manejo de materiales<\/li>\n<li>\u00c9tica empresarial<\/li>\n<li>Ingl\u00e9s I<\/li>\n<\/ul>\n<\/div>\n\n\t\t<\/div>\n\t\t\t\t\t<\/div>\n\n\t\n\n\t<div id=\"col-1594627582\" class=\"col medium-4 small-12 large-4\"  >\n\t\t\t\t<div class=\"col-inner\"  >\n\t\t\t\n\t\t\t\n\n<div><strong>QUINTO CUATRIMESTRE<\/strong><\/div>\n<div>\u00a0<\/div>\n<div>\n<ul>\n<li>Ingenier\u00eda de Empaque y Embalaje<\/li>\n<li>T\u00f3picos selectos en ingenier\u00eda en transporte<\/li>\n<li>Gesti\u00f3n de la cadena de valor<\/li>\n<li>Diagn\u00f3stico log\u00edstico I<\/li>\n<li>Legislaci\u00f3n Aduanera<\/li>\n<li>Ingl\u00e9s II<\/li>\n<\/ul>\n<\/div>\n\n\t\t<\/div>\n\t\t\t\t\t<\/div>\n\n\t\n\n\t<div id=\"col-1395015223\" class=\"col medium-4 small-12 large-4\"  >\n\t\t\t\t<div class=\"col-inner\"  >\n\t\t\t\n\t\t\t\n\n<div><strong>SEXTO CUATRIMESTRE<\/strong><\/div>\n<div>\u00a0<\/div>\n<div>Ingenier\u00eda de Empaque y Embalaje<\/p>\n<p>Diagn\u00f3stico log\u00edstico II<\/p>\n<ul>\n<li>Log\u00edstica de flujos Internacionales<\/li>\n<li>Administraci\u00f3n Estrat\u00e9gica de Bienes y Servicios.<\/li>\n<li>Operaciones de Comercio Exterior<\/li>\n<li>Simulaci\u00f3n de Sistemas de Transporte<\/li>\n<li>Ingl\u00e9s III<\/li>\n<\/ul>\n<\/div>\n\n\t\t<\/div>\n\t\t\t\t\t<\/div>\n\n\t\n\n<\/div>\n<div class=\"row\"  id=\"row-295423050\">\n\n\n\t<div id=\"col-1491157708\" class=\"col medium-4 small-12 large-4\"  >\n\t\t\t\t<div class=\"col-inner\"  >\n\t\t\t\n\t\t\t\n\n<div><strong>SEPTIMO CUATRIMESTRE<\/strong><\/div>\n<div>\u00a0<\/div>\n<div>\n<ul>\n<li>Operaci\u00f3n de flotas<\/li>\n<li>Negocios electr\u00f3nicos<\/li>\n<li>Sistemas de Informaci\u00f3n para la toma de Decisiones.<\/li>\n<li>Sistema de Servicio al Cliente<\/li>\n<li>Planes estrat\u00e9gicos de importaci\u00f3n y exportaci\u00f3n<\/li>\n<li>Ingl\u00e9s IV<\/li>\n<\/ul>\n<\/div>\n\n\t\t<\/div>\n\t\t\t\t\t<\/div>\n\n\t\n\n\t<div id=\"col-1546069724\" class=\"col medium-4 small-12 large-4\"  >\n\t\t\t\t<div class=\"col-inner\"  >\n\t\t\t\n\t\t\t\n\n\n\t\t<\/div>\n\t\t\t\t\t<\/div>\n\n\t\n\n\t<div id=\"col-1100699752\" class=\"col medium-4 small-12 large-4\"  >\n\t\t\t\t<div class=\"col-inner\"  >\n\t\t\t\n\t\t\t\n\n<div>\u00a0<\/div>\n\n\t\t<\/div>\n\t\t\t\t\t<\/div>\n\n\t\n\n<\/div>\n<div class=\"text-center\"><div class=\"is-divider divider clearfix\" style=\"max-width:200px;background-color:rgb(41, 153, 25);\"><\/div><\/div>\n\n<div class=\"row\"  id=\"row-1478793078\">\n\n\n\t<div id=\"col-1172049825\" class=\"col small-12 large-12\"  >\n\t\t\t\t<div class=\"col-inner\"  >\n\t\t\t\n\t\t\t\n\n\n\t\t<div class=\"tabbed-content\">\n\t\t\t<h4 class=\"uppercase text-left\">PERFIL DE EGRESO<\/h4>\n\t\t\t<ul class=\"nav nav-pills nav-uppercase nav-size-normal nav-left\"><li class=\"tab active has-icon\"><a href=\"#tab_conocimientos\"><span>CONOCIMIENTOS<\/span><\/a><\/li>\n<li class=\"tab has-icon\"><a href=\"#tab_habilidades\"><span>HABILIDADES<\/span><\/a><\/li>\n<li class=\"tab has-icon\"><a href=\"#tab_actitudes\"><span>ACTITUDES<\/span><\/a><\/li>\n<li class=\"tab has-icon\"><a href=\"#tab_destrezas\"><span>DESTREZAS<\/span><\/a><\/li><\/ul><div class=\"tab-panels\"><div class=\"panel active entry-content\" id=\"tab_conocimientos\">\n\n<div class=\"row\"  id=\"row-1759353671\">\n\n\n\t<div id=\"col-2068330077\" class=\"col medium-6 small-12 large-6\"  >\n\t\t\t\t<div class=\"col-inner\"  >\n\t\t\t\n\t\t\t\n\n<ul>\n<li>Nociones de funci\u00f3n log\u00edstica.<\/li>\n<li>Conoce de cadenas comerciales.<\/li>\n<li>Fundamentos de Contabilidad.<\/li>\n<li>Maneja herramientas electr\u00f3nicas de negocios.<\/li>\n<li>Fundamentos de Administraci\u00f3n.<\/li>\n<li>Conoce la log\u00edstica de Canales.<\/li>\n<li>Sabe de control de costos.<\/li>\n<li>Cadenas de suministros.<\/li>\n<li>Administraci\u00f3n de las operaciones en una empresa.<\/li>\n<li>Tr\u00e1fico de transporte.<\/li>\n<li>Negocios Internacionales.<\/li>\n<li>Geograf\u00eda de M\u00e9xico.<\/li>\n<li>Log\u00edstica agropecuaria.<\/li>\n<li>Fundamentos de Ingenier\u00eda.<\/li>\n<li>Investigaci\u00f3n de operaciones.<\/li>\n<li>Normas para el empacado.<\/li>\n<li>Nociones de derecho corporativo.<\/li>\n<li>Log\u00edstica de servicios<\/li>\n<li>Nociones de derecho aduanero.<\/li>\n<li>Nociones de derecho internacional.<\/li>\n<li>Administraci\u00f3n de Inventarios.<\/li>\n<\/ul>\n\n\t\t<\/div>\n\t\t\t\t\t<\/div>\n\n\t\n\n\t<div id=\"col-1653214226\" class=\"col medium-6 small-12 large-6\"  >\n\t\t\t\t<div class=\"col-inner\"  >\n\t\t\t\n\t\t\t\n\n\t<div class=\"box has-hover   has-hover box-push box-text-bottom\" >\n\n\t\t<div class=\"box-image\" >\n\t\t\t\t\t\t<div class=\"\" >\n\t\t\t\t<img fetchpriority=\"high\" decoding=\"async\" width=\"300\" height=\"168\" src=\"https:\/\/www.univas.com.mx\/es\/wp-content\/uploads\/2025\/08\/download-1.jpg\" class=\"attachment- size-\" alt=\"\" \/>\t\t\t\t\t\t\t\t\t\t\t<\/div>\n\t\t\t\t\t<\/div>\n\n\t\t<div class=\"box-text text-center\" >\n\t\t\t<div class=\"box-text-inner\">\n\t\t\t\t\n\n<a class=\"button primary\"  >\n    <span>INSCRIPCIONES ABIERTAS<\/span>\n  <i class=\"icon-heart\" ><\/i><\/a>\n\n\n\n\t\t\t<\/div>\n\t\t<\/div>\n\t<\/div>\n\t\n\n\t\t<\/div>\n\t\t\t\t\t<\/div>\n\n\t\n\n<\/div>\n\n<\/div>\n<div class=\"panel entry-content\" id=\"tab_habilidades\">\n\n<ul>\n<li>\n<p>\u00a0Dise\u00f1ar e implementar planes estrat\u00e9gicos para el control de operaciones de abastecimiento y distribuci\u00f3n que permitan evaluar y aumentar la productividad y competitividad.<\/p>\n<\/li>\n<li>\n<p>Dise\u00f1ar y\/o implementar sistemas de aprovisionamiento de recursos as\u00ed como modelos de optimizaci\u00f3n de inventarios acordes con la organizaci\u00f3n para incrementar la productividad a trav\u00e9s del desarrollo de proveedores.<\/p>\n<\/li>\n<li>\n<p>Dise\u00f1ar y\/o implementar sistemas de distribuci\u00f3n para satisfacer las necesidades del consumidor final de acuerdo a las normas de empaque.<\/p>\n<\/li>\n<li>\n<p>Dise\u00f1ar y\/o implementar sistemas de monitoreo en la cadena de suministro para garantizar la correcta distribuci\u00f3n y trazabilidad de los productos con base en la normatividad vigente.<\/p>\n<\/li>\n<li>\n<p>Evaluar las variables geogr\u00e1ficas de la infraestructura log\u00edstica nacional e internacional para brindar soluciones de almacenamiento, distribuci\u00f3n y tr\u00e1fico seguro.<\/p>\n<\/li>\n<li>\n<p>Identificar las zonas \u00f3ptimas para establecer los centros de distribuci\u00f3n de productos con el objetivo de desarrollar sistemas de log\u00edstica eficientes a nivel dom\u00e9stico, multinacional e internacional.<\/p>\n<\/li>\n<li>\n<p>Aplicar la reglamentaci\u00f3n en materia de tr\u00e1fico y de comercio exterior para dar soluciones a las operaciones, manejo y disposici\u00f3n de materiales de la organizaci\u00f3n.<\/p>\n<\/li>\n<li>\n<p>Implementar medidas que contribuyan a mitigar los riesgos inherentes a las operaciones de comercio exterior.<\/p>\n<\/li>\n<li>\n<p>Escuchar, hablar, escribir y leer en el idioma ingl\u00e9s a nivel intermedio para dar seguimiento a las operaciones log\u00edstica de las operaciones.<\/p>\n<\/li>\n<\/ul>\n\n<\/div>\n<div class=\"panel entry-content\" id=\"tab_actitudes\">\n\n<ul>\n<li>Anal\u00edtica, cr\u00edtica e innovadora,<\/li>\n<li>Adaptaci\u00f3n a otros contextos<\/li>\n<li>Emprendedora<\/li>\n<li>\u00c9tica en su desempe\u00f1o profesional<\/li>\n<li>Disposici\u00f3n para el trabajo individual y colectivo, inter y multidisciplinario.<\/li>\n<li>Proactividad<\/li>\n<li>An\u00e1lisis<\/li>\n<li>Dinamismo<\/li>\n<li>Responsabilidad<\/li>\n<li>Buenas relaciones interpersonales<\/li>\n<li>Disposici\u00f3n de servicio, cooperaci\u00f3n, planificaci\u00f3n y organizaci\u00f3n, resolutividad, integridad, facilidad de trabajo bajo presi\u00f3n.<\/li>\n<\/ul>\n\n<\/div>\n<div class=\"panel entry-content\" id=\"tab_destrezas\">\n\n<ul>\n<li>Dirigir y encargarse de las actividades operarias de intercambio de la empresa.<\/li>\n<li>Conocer procesos de registro, manejo y control de operaciones de producci\u00f3n.<\/li>\n<li>Distribuci\u00f3n log\u00edstica de productos a nivel nacional.<\/li>\n<li>Elaboraci\u00f3n e implementaci\u00f3n de planes de trabajo y creaci\u00f3n de presupuestos.<\/li>\n<li>Autorizar a proveedores de servicios seg\u00fan procedimientos de la empresa.<\/li>\n<li>Liderar y supervisar el trabajo del personal.<\/li>\n<li>Establecimiento asertivo de relaciones comerciales.<\/li>\n<li>Elaboraci\u00f3n y mantenimiento de tarifarios de servicios.<\/li>\n<li>Reportar resultados a oficinas regionales.<\/li>\n<li>Manejo eficiente de programas computacionales.<\/li>\n<li>Habilidades num\u00e9ricas y verbales.<\/li>\n<li>Dominio avanzado de ingl\u00e9s.<\/li>\n<li>Detectar con precisi\u00f3n un problema concreto, analizar sus causas y posibles efectos, as\u00ed como plantear alternativas de soluci\u00f3n.<\/li>\n<li>Identificar las estructuras y los elementos que intervienen en los procesos de toma de decisiones a nivel nacional e internacional, con clara visi\u00f3n de sus implicaciones.<\/li>\n<li>Recomendar l\u00edneas de an\u00e1lisis en materia de pol\u00edtica tanto interna como internacional.<\/li>\n<li>Explicar cient\u00edficamente los procesos econ\u00f3micos, pol\u00edticos y jur\u00eddicos del mundo.<\/li>\n<li>Fomentar la aproximaci\u00f3n y la comunicaci\u00f3n con los diferentes actores de la sociedad internacional.<\/li>\n<li>Elaborar investigaciones acad\u00e9micas y de representaci\u00f3n del pa\u00eds en foros internacionales de car\u00e1cter gubernamental y no gubernamental.<\/li>\n<li>Desempe\u00f1ar actividades de representaci\u00f3n del pa\u00eds en foros internacionales de car\u00e1cter gubernamental y no gubernamental.<\/li>\n<li>Participar en la administraci\u00f3n de instituciones de car\u00e1cter internacional.<\/li>\n<li>Aportar elementos que fortalezcan el funcionamiento de organizaciones gubernamentales y no gubernamentales de car\u00e1cter internacional.<\/li>\n<li>Asesorar y desarrollarse en cuestiones pol\u00edticas, econ\u00f3micas, jur\u00eddicas, cient\u00edficas y\/o culturales en los \u00e1mbitos p\u00fablico y privado.<\/li>\n<\/ul>\n\n<\/div><\/div><\/div>\n\n\t\t<\/div>\n\t\t\t\t\t<\/div>\n\n\t\n\n<\/div>\n<div class=\"text-center\"><div class=\"is-divider divider clearfix\" style=\"max-width:60px;background-color:rgb(11, 145, 24);\"><\/div><\/div>\n\n<div class=\"message-box relative dark\" style=\"padding-top:32px;padding-bottom:32px;\"><div class=\"message-box-bg-image bg-fill fill\" ><\/div><div class=\"message-box-bg-overlay bg-fill fill\" style=\"background-color:rgb(1, 119, 43);\"><\/div><div class=\"container relative\"><div class=\"inner last-reset\">\n\n<div class=\"row align-middle align-center\"  id=\"row-552185283\">\n\n\n\t<div id=\"col-550220881\" class=\"col medium-7 small-12 large-7\"  >\n\t\t\t\t<div class=\"col-inner\"  >\n\t\t\t\n\t\t\t\n\n\t<div id=\"text-5573623\" class=\"text\">\n\t\t\n\n<h4>Inscripciones abiertas para los ciclos de enero, mayo y septiembre de cada a\u00f1o.<\/h4>\n\t\t\n<style>\n#text-5573623 {\n  text-align: center;\n}\n<\/style>\n\t<\/div>\n\t\n\n\t\t<\/div>\n\t\t\t\t\t<\/div>\n\n\t\n\n\t<div id=\"col-826502045\" class=\"col medium-4 small-12 large-4\"  >\n\t\t\t\t<div class=\"col-inner text-center\"  >\n\t\t\t\n\t\t\t\n\n<a href=\"https:\/\/www.univas.com.mx\/es\/product\/inscripcion-universidad-presencial\/\" target=\"_self\" class=\"button white is-outline\"  style=\"border-radius:99px;\">\n    <span>INSCR\u00cdBETE AQU\u00cd<\/span>\n  <\/a>\n\n\n\n\t\t<\/div>\n\t\t\t\t\t<\/div>\n\n\t\n\n<\/div>\n\n<\/div><\/div><\/div>\n\n","protected":false},"excerpt":{"rendered":"INGENIER\u00cdA EN LOG\u00cdSTICA Termina en solo 2.5 a\u00f1os \u00a0 ESTUDIALA EN SOLO SIETE CUATRIMESTRES TURNO MATUTINO Clases de lunes a jueves de 8:00 A 13 Horas TURNO NOCTURNO Clases de lunes a jueves de 6:30 pm a 9:30 pm TURNO SABATINO Clases solo los s\u00e1bados de 8 am a 3 pm TURNO DOMINICAL Clases solo [...]","protected":false},"author":1,"featured_media":0,"parent":0,"menu_order":0,"comment_status":"closed","ping_status":"closed","template":"page-blank.php","meta":{"footnotes":""},"class_list":["post-191","page","type-page","status-publish","hentry"],"_links":{"self":[{"href":"https:\/\/www.univas.com.mx\/es\/wp-json\/wp\/v2\/pages\/191","targetHints":{"allow":["GET"]}}],"collection":[{"href":"https:\/\/www.univas.com.mx\/es\/wp-json\/wp\/v2\/pages"}],"about":[{"href":"https:\/\/www.univas.com.mx\/es\/wp-json\/wp\/v2\/types\/page"}],"author":[{"embeddable":true,"href":"https:\/\/www.univas.com.mx\/es\/wp-json\/wp\/v2\/users\/1"}],"replies":[{"embeddable":true,"href":"https:\/\/www.univas.com.mx\/es\/wp-json\/wp\/v2\/comments?post=191"}],"version-history":[{"count":14,"href":"https:\/\/www.univas.com.mx\/es\/wp-json\/wp\/v2\/pages\/191\/revisions"}],"predecessor-version":[{"id":4108,"href":"https:\/\/www.univas.com.mx\/es\/wp-json\/wp\/v2\/pages\/191\/revisions\/4108"}],"wp:attachment":[{"href":"https:\/\/www.univas.com.mx\/es\/wp-json\/wp\/v2\/media?parent=191"}],"curies":[{"name":"wp","href":"https:\/\/api.w.org\/{rel}","templated":true}]}}