{"id":189,"date":"2021-04-20T20:28:59","date_gmt":"2021-04-20T20:28:59","guid":{"rendered":"https:\/\/www.univas.com.mx\/es\/?page_id=189"},"modified":"2025-08-13T15:31:33","modified_gmt":"2025-08-13T21:31:33","slug":"contaduria-publica","status":"publish","type":"page","link":"https:\/\/www.univas.com.mx\/es\/contaduria-publica\/","title":{"rendered":"Contadur\u00eda P\u00fablica"},"content":{"rendered":"\n\t<div class=\"img has-hover x md-x lg-x y md-y lg-y\" id=\"image_1579435382\">\n\t\t\t\t\t\t\t\t<div class=\"img-inner image-zoom dark\" >\n\t\t\t<img fetchpriority=\"high\" decoding=\"async\" width=\"1020\" height=\"346\" src=\"https:\/\/www.univas.com.mx\/es\/wp-content\/uploads\/2022\/01\/headercontadora-1024x347.webp\" class=\"attachment-large size-large\" alt=\"\" srcset=\"https:\/\/www.univas.com.mx\/es\/wp-content\/uploads\/2022\/01\/headercontadora-1024x347.webp 1024w, https:\/\/www.univas.com.mx\/es\/wp-content\/uploads\/2022\/01\/headercontadora-300x102.webp 300w, https:\/\/www.univas.com.mx\/es\/wp-content\/uploads\/2022\/01\/headercontadora-768x260.webp 768w, https:\/\/www.univas.com.mx\/es\/wp-content\/uploads\/2022\/01\/headercontadora-1536x520.webp 1536w, https:\/\/www.univas.com.mx\/es\/wp-content\/uploads\/2022\/01\/headercontadora-600x203.webp 600w, https:\/\/www.univas.com.mx\/es\/wp-content\/uploads\/2022\/01\/headercontadora.webp 1920w\" sizes=\"(max-width: 1020px) 100vw, 1020px\" \/>\t\t\t\t\t\t\n\t\t\t\t\t<\/div>\n\t\t\t\t\t\t\t\t\n<style>\n#image_1579435382 {\n  width: 100%;\n}\n<\/style>\n\t<\/div>\n\t\n\n\t<div id=\"gap-1652388429\" class=\"gap-element clearfix\" style=\"display:block; height:auto;\">\n\t\t\n<style>\n#gap-1652388429 {\n  padding-top: 30px;\n}\n<\/style>\n\t<\/div>\n\t\n\n<div class=\"container section-title-container\" ><h3 class=\"section-title section-title-center\"><b><\/b><span class=\"section-title-main\" >ESTUDIA CONTADUR\u00cdA P\u00daBLICA EN PLAN CUATRIMESTRAL<\/span><b><\/b><\/h3><\/div>\n\n<div class=\"row\"  id=\"row-259367064\">\n\n\n\t<div id=\"col-147200168\" class=\"col medium-4 small-12 large-4\"  >\n\t\t\t\t<div class=\"col-inner\"  >\n\t\t\t\n\t\t\t\n\n\n  <div class=\"banner has-hover\" id=\"banner-360456593\">\n          <div class=\"banner-inner fill\">\n        <div class=\"banner-bg fill\" >\n            <div class=\"bg fill bg-fill \"><\/div>\n                                    \n                    <\/div>\n        <div class=\"banner-layers container\">\n            <div class=\"fill banner-link\"><\/div>            \n\n   <div id=\"text-box-1275878067\" class=\"text-box banner-layer x50 md-x50 lg-x50 y50 md-y50 lg-y50 res-text\">\n                                <div class=\"text-box-content text dark\">\n              \n              <div class=\"text-inner text-center\">\n                  \n\n<h1 class=\"uppercase\"><strong>TURNO MATUTINO<\/strong><\/h1>\n<div class=\"is-divider divider clearfix\" ><\/div>\n\n<h3>Clases de lunes a jueves de 8:00 a 13 horas<\/h3>\n\n              <\/div>\n           <\/div>\n                            \n<style>\n#text-box-1275878067 {\n  width: 90%;\n}\n#text-box-1275878067 .text-box-content {\n  font-size: 100%;\n}\n<\/style>\n    <\/div>\n \n\n        <\/div>\n      <\/div>\n\n            \n<style>\n#banner-360456593 {\n  padding-top: 160px;\n  background-color: rgb(39, 130, 0);\n}\n<\/style>\n  <\/div>\n\n\n\n\t\t<\/div>\n\t\t\t\t\t<\/div>\n\n\t\n\n\t<div id=\"col-1419398089\" class=\"col medium-4 small-12 large-4\"  >\n\t\t\t\t<div class=\"col-inner\"  >\n\t\t\t\n\t\t\t\n\n\n  <div class=\"banner has-hover\" id=\"banner-826766526\">\n          <div class=\"banner-inner fill\">\n        <div class=\"banner-bg fill\" >\n            <div class=\"bg fill bg-fill \"><\/div>\n                                    \n                    <\/div>\n        <div class=\"banner-layers container\">\n            <div class=\"fill banner-link\"><\/div>            \n\n   <div id=\"text-box-505024711\" class=\"text-box banner-layer x50 md-x50 lg-x50 y50 md-y50 lg-y50 res-text\">\n                                <div class=\"text-box-content text dark\">\n              \n              <div class=\"text-inner text-center\">\n                  \n\n<h1 class=\"uppercase\"><strong>TURNO NOCTURNO<\/strong><\/h1>\n<div class=\"is-divider divider clearfix\" ><\/div>\n\n<p><H3>Clases de lunes a jueves de 6:30 pm a 9:30 pm<\/H3><\/p>\n\n              <\/div>\n           <\/div>\n                            \n<style>\n#text-box-505024711 {\n  width: 60%;\n}\n#text-box-505024711 .text-box-content {\n  font-size: 100%;\n}\n<\/style>\n    <\/div>\n \n\n        <\/div>\n      <\/div>\n\n            \n<style>\n#banner-826766526 {\n  padding-top: 160px;\n  background-color: rgb(39, 130, 0);\n}\n<\/style>\n  <\/div>\n\n\n\n\t\t<\/div>\n\t\t\t\t\t<\/div>\n\n\t\n\n\t<div id=\"col-1659268740\" class=\"col medium-4 small-12 large-4\"  >\n\t\t\t\t<div class=\"col-inner\"  >\n\t\t\t\n\t\t\t\n\n\n  <div class=\"banner has-hover\" id=\"banner-556162473\">\n          <div class=\"banner-inner fill\">\n        <div class=\"banner-bg fill\" >\n            <div class=\"bg fill bg-fill \"><\/div>\n                                    \n                    <\/div>\n        <div class=\"banner-layers container\">\n            <div class=\"fill banner-link\"><\/div>            \n\n   <div id=\"text-box-2008081346\" class=\"text-box banner-layer x50 md-x50 lg-x50 y50 md-y50 lg-y50 res-text\">\n                                <div class=\"text-box-content text dark\">\n              \n              <div class=\"text-inner text-center\">\n                  \n\n<h1 class=\"uppercase\"><strong>TURNO SABATINO<\/strong><\/h1>\n<div class=\"is-divider divider clearfix\" ><\/div>\n\n<p><H3>Clases solo los s\u00e1bados de 8 am a 3 pm<\/H3><\/p>\n\n              <\/div>\n           <\/div>\n                            \n<style>\n#text-box-2008081346 {\n  width: 60%;\n}\n#text-box-2008081346 .text-box-content {\n  font-size: 100%;\n}\n<\/style>\n    <\/div>\n \n\n        <\/div>\n      <\/div>\n\n            \n<style>\n#banner-556162473 {\n  padding-top: 160px;\n  background-color: rgb(39, 130, 0);\n}\n<\/style>\n  <\/div>\n\n\n\n\t\t<\/div>\n\t\t\t\t\t<\/div>\n\n\t\n\n<\/div>\n<div class=\"container section-title-container\" ><h3 class=\"section-title section-title-normal\"><b><\/b><span class=\"section-title-main\" >Objetivo general de la carrera<\/span><b><\/b><\/h3><\/div>\n\n<h4>Formar Contadores que dominen las t\u00e9cnicas y procedimientos para procesar y administrar informaci\u00f3n financiera as\u00ed como su an\u00e1lisis, interpretaci\u00f3n y usos en la planeaci\u00f3n y en la toma de decisiones financieras, administrativas y fiscales, utilizando metodolog\u00edas que resuelven problemas en situaciones cambiantes; en vista de proteger bienes e intereses de personas tanto f\u00edsicas como morales, y para hacer cumplir las obligaciones jur\u00eddicas y fiscales, utilizando los m\u00e9todos de trabajo y los\u00a0 sistemas tecnol\u00f3gicos m\u00e1s modernos, eficientes y congruentes con la naturaleza de particulares y empresas.<\/h4>\n<div class=\"container section-title-container\" ><h3 class=\"section-title section-title-center\"><b><\/b><span class=\"section-title-main\" style=\"color:rgb(0, 0, 0);\">plan de estudios<\/span><b><\/b><\/h3><\/div>\n\n\t<div id=\"text-3260065937\" class=\"text\">\n\t\t\n\n<h3 class=\"uppercase\">estudia en 9 CUATRIMESTRES<\/h3>\n<p>Conoce nuestro plan de estudios de 3 a\u00f1os<\/p>\n\t\t\n<style>\n#text-3260065937 {\n  text-align: center;\n}\n<\/style>\n\t<\/div>\n\t\n<div class=\"row\"  id=\"row-1187705098\">\n\n\n\t<div id=\"col-558622508\" class=\"col medium-4 small-12 large-4\"  >\n\t\t\t\t<div class=\"col-inner\"  >\n\t\t\t\n\t\t\t\n\n<div><strong>PRIMER CUATRIMESTRE<\/strong><\/div>\n<div>\u00a0<\/div>\n<div>\n<p>Contabilidad I<br \/>Matem\u00e1ticas para contadur\u00eda I<br \/>Din\u00e1mica social<br \/>Administraci\u00f3n I<br \/>M\u00e9todos de investigaci\u00f3n<\/p>\n<\/div>\n\n\t\t<\/div>\n\t\t\t\t\t<\/div>\n\n\t\n\n\t<div id=\"col-277418609\" class=\"col medium-4 small-12 large-4\"  >\n\t\t\t\t<div class=\"col-inner\"  >\n\t\t\t\n\t\t\t\n\n<div><strong>SEGUNDO CUATRIMESTRE<\/strong><\/div>\n<div>\u00a0<\/div>\n<div>Contabilidad II<br \/>Matem\u00e1ticas para Contadur\u00eda II<br \/>Comunicaci\u00f3n escrita<br \/>Administraci\u00f3n II<br \/>Inform\u00e1tica y computaci\u00f3n I<\/div>\n\n\t\t<\/div>\n\t\t\t\t\t<\/div>\n\n\t\n\n\t<div id=\"col-1810690739\" class=\"col medium-4 small-12 large-4\"  >\n\t\t\t\t<div class=\"col-inner\"  >\n\t\t\t\n\t\t\t\n\n<div><strong>TERCER CUATRIMESTRE<\/strong><\/div>\n<div>\u00a0<\/div>\n<div>\n<p>Contabilidad III<br \/>Estad\u00edstica I<br \/>Administraci\u00f3n de recursos humanos<br \/>Fundamentos de derecho<br \/>Inform\u00e1tica y computaci\u00f3n II<\/p>\n<\/div>\n\n\t\t<\/div>\n\t\t\t\t\t<\/div>\n\n\t\n\n<\/div>\n<div class=\"row\"  id=\"row-1662618845\">\n\n\n\t<div id=\"col-1811646547\" class=\"col medium-4 small-12 large-4\"  >\n\t\t\t\t<div class=\"col-inner\"  >\n\t\t\t\n\t\t\t\n\n<div><strong>CUARTO CUATRIMESTRE<\/strong><\/div>\n<div>\u00a0<\/div>\n<div>Contabilidad de costos I<br \/>Estad\u00edstica II<br \/>Mercadotecnia<br \/>Planeaci\u00f3n estrat\u00e9gica<br \/>Derecho laboral<br \/>Econom\u00eda<\/div>\n\n\t\t<\/div>\n\t\t\t\t\t<\/div>\n\n\t\n\n\t<div id=\"col-218821834\" class=\"col medium-4 small-12 large-4\"  >\n\t\t\t\t<div class=\"col-inner\"  >\n\t\t\t\n\t\t\t\n\n<div><strong>QUINTO CUATRIMESTRE<\/strong><\/div>\n<div>\u00a0<\/div>\n<div>Contabilidad de costos II<br \/>Presupuestos<br \/>Finanzas<br \/>Direcci\u00f3n y liderazgo<br \/>Derecho comercial<br \/>Microeconom\u00eda<\/div>\n\n\t\t<\/div>\n\t\t\t\t\t<\/div>\n\n\t\n\n\t<div id=\"col-6631119\" class=\"col medium-4 small-12 large-4\"  >\n\t\t\t\t<div class=\"col-inner\"  >\n\t\t\t\n\t\t\t\n\n<div><strong>SEXTO CUATRIMESTRE<\/strong><\/div>\n<div>\u00a0<\/div>\n<div>Contabilidad avanzada<br \/>Bases de auditor\u00eda<br \/>Contralor\u00eda<br \/>Desarrollo organizacional<br \/>Derecho fiscal<br \/>Macroeconom\u00eda<\/div>\n\n\t\t<\/div>\n\t\t\t\t\t<\/div>\n\n\t\n\n<\/div>\n<div class=\"row\"  id=\"row-1749449542\">\n\n\n\t<div id=\"col-416583106\" class=\"col medium-4 small-12 large-4\"  >\n\t\t\t\t<div class=\"col-inner\"  >\n\t\t\t\n\t\t\t\n\n<div><strong>SEPTIMO CUATRIMESTRE<\/strong><\/div>\n<div>\u00a0<\/div>\n<div>Contabilidad impositiva<br \/>An\u00e1lisis financiero<br \/>Auditor\u00eda de operaciones<br \/>Empresas de calidad<br \/>Idioma extranjero I<\/div>\n\n\t\t<\/div>\n\t\t\t\t\t<\/div>\n\n\t\n\n\t<div id=\"col-1295278254\" class=\"col medium-4 small-12 large-4\"  >\n\t\t\t\t<div class=\"col-inner\"  >\n\t\t\t\n\t\t\t\n\n<div><strong>OCTAVO CUATRIMESTRE<\/strong><\/div>\n<div>\u00a0<\/div>\n<div>Contabilidad de sociedades<br \/>Proyectos de inversi\u00f3n<br \/>Auditor\u00eda financiera<br \/>Auditor\u00eda de calidad<br \/>Idioma extranjero II<\/div>\n\n\t\t<\/div>\n\t\t\t\t\t<\/div>\n\n\t\n\n\t<div id=\"col-376144328\" class=\"col medium-4 small-12 large-4\"  >\n\t\t\t\t<div class=\"col-inner\"  >\n\t\t\t\n\t\t\t\n\n<div><strong>NOVENO CUATRIMESTRE<\/strong><\/div>\n<div>\u00a0<\/div>\n<div>\n<p>Auditor\u00eda fiscal<br \/>Auditor\u00eda administrativa<br \/>Taller de nuevas empresas<br \/>Econom\u00eda regional<br \/>Negocios internacionales<\/p>\n<\/div>\n\n\t\t<\/div>\n\t\t\t\t\t<\/div>\n\n\t\n\n<\/div>\n<div class=\"text-center\"><div class=\"is-divider divider clearfix\" style=\"max-width:200px;background-color:rgb(41, 153, 25);\"><\/div><\/div>\n\n\n\t\t<div class=\"tabbed-content\">\n\t\t\t<h4 class=\"uppercase text-left\">PERFIL DE EGRESO<\/h4>\n\t\t\t<ul class=\"nav nav-pills nav-uppercase nav-size-normal nav-left\"><li class=\"tab active has-icon\"><a href=\"#tab_conocimientos\"><span>CONOCIMIENTOS<\/span><\/a><\/li>\n<li class=\"tab has-icon\"><a href=\"#tab_habilidades\"><span>HABILIDADES<\/span><\/a><\/li>\n<li class=\"tab has-icon\"><a href=\"#tab_actitudes\"><span>ACTITUDES<\/span><\/a><\/li>\n<li class=\"tab has-icon\"><a href=\"#tab_destrezas\"><span>DESTREZAS<\/span><\/a><\/li><\/ul><div class=\"tab-panels\"><div class=\"panel active entry-content\" id=\"tab_conocimientos\">\n\n<div class=\"row\"  id=\"row-1974409802\">\n\n\n\t<div id=\"col-2062225072\" class=\"col medium-6 small-12 large-6\"  >\n\t\t\t\t<div class=\"col-inner\"  >\n\t\t\t\n\t\t\t\n\n<ul>\n<li>Aplica las bases del conocimiento contable como son: las etapas de proceso contable, el manejo de costos y presupuestos y la interpretaci\u00f3n de estados financieros que reflejan la operaci\u00f3n cuantificable de personas f\u00edsicas y morales.<\/li>\n<li>Maneja las reglas y procedimientos de la auditoria interna, externa y operacional, el control interno y el manejo de la contralor\u00eda.<\/li>\n<li>Conoce \u00a0los fundamentos de la calidad y su aplicaci\u00f3n para el mejoramiento de la productividad y la competitividad.<\/li>\n<li>Conoce los principios cient\u00edficos de la econom\u00eda y su influencia en el desarrollo de la empresa.<\/li>\n<li>Aplica los principios de matem\u00e1ticas y estad\u00edstica que intervienen en la soluci\u00f3n cuantitativa de problemas y el sustento de la toma de decisiones.<\/li>\n<li>Aplica las metodolog\u00edas de formulaci\u00f3n y evaluaci\u00f3n de proyectos de inversi\u00f3n.<\/li>\n<li>Maneja los principios del derecho que sustentan el cumplimiento de las obligaciones fiscales y legales de personas f\u00edsicas y morales.<\/li>\n<li>Aplica la metodolog\u00eda de la investigaci\u00f3n como herramienta cient\u00edfica en la b\u00fasqueda de soluciones \u00f3ptimas a conflictos de car\u00e1cter t\u00e9cnico.<\/li>\n<li>Aplica y sustenta el proceso administrativo y las t\u00e9cnicas de planeaci\u00f3n estrat\u00e9gica para la conducci\u00f3n de sistemas operativos y productivos.<\/li>\n<li>Aplica asertivamente las t\u00e9cnicas de administraci\u00f3n de los recursos humanos.<\/li>\n<li>Maneja \u00a0los aspectos de negociaci\u00f3n impl\u00edcitos en el derecho laboral.<\/li>\n<\/ul>\n\n\t\t<\/div>\n\t\t\t\t\t<\/div>\n\n\t\n\n\t<div id=\"col-1126572370\" class=\"col medium-6 small-12 large-6\"  >\n\t\t\t\t<div class=\"col-inner\"  >\n\t\t\t\n\t\t\t\n\n\t<div class=\"box has-hover   has-hover box-push box-text-bottom\" >\n\n\t\t<div class=\"box-image\" >\n\t\t\t\t\t\t<div class=\"\" >\n\t\t\t\t<img decoding=\"async\" src=\"https:\/\/www.univas.com.mx\/es\/wp-content\/uploads\/2024\/10\/Daniela-Montanez-Torres-2.jpg\" class=\"attachment- size-\" alt=\"\" \/>\t\t\t\t\t\t\t\t\t\t\t<\/div>\n\t\t\t\t\t<\/div>\n\n\t\t<div class=\"box-text text-center\" >\n\t\t\t<div class=\"box-text-inner\">\n\t\t\t\t\n\n<a class=\"button primary\"  >\n    <span>INSCRIPCIONES ABIERTAS<\/span>\n  <i class=\"icon-heart\" ><\/i><\/a>\n\n\n\n\t\t\t<\/div>\n\t\t<\/div>\n\t<\/div>\n\t\n\n\t\t<\/div>\n\t\t\t\t\t<\/div>\n\n\t\n\n<\/div>\n\n<\/div>\n<div class=\"panel entry-content\" id=\"tab_habilidades\">\n\n<ul>\n<li>Dise\u00f1ar, implementar y operar sistemas y procedimientos para la administraci\u00f3n de informaci\u00f3n financiera que resulten congruentes con las necesidades y expectativas de personas f\u00edsicas y morales.<\/li>\n<li>Desarrollar la evaluaci\u00f3n de los aspectos cualitativos que forman parte de la auditoria de estados financieros y del sistema de control interno de empresas o instituciones.<\/li>\n<li>Analizar y corregir las deficiencias de sistemas y procedimientos establecidos para mejorar su operaci\u00f3n.<\/li>\n<li>Apoyar el proceso administrativo aportando informaci\u00f3n confiable para la planeaci\u00f3n y la toma de decisiones.<\/li>\n<li>Analizar e interpretar las leyes tributarias para conducir al cumplimiento de las obligaciones fiscales, y la responsabilidad legal de las personas f\u00edsicas y morales.<\/li>\n<li>Utilizar los recursos de la inform\u00e1tica y computaci\u00f3n para la preparaci\u00f3n, an\u00e1lisis y procesamiento de la informaci\u00f3n financiera.<\/li>\n<li>Usar el lenguaje oral y escrito como un medio eficaz de expresi\u00f3n, tanto en espa\u00f1ol como en un idioma extranjero.<\/li>\n<\/ul>\n\n<\/div>\n<div class=\"panel entry-content\" id=\"tab_actitudes\">\n\n<ul>\n<li>Ser, en su desarrollo profesional, anal\u00edtico, cr\u00edtico, objetivo, reflexivo, responsable, creativo, propositivo, emprendedor, abierto a diferentes alternativas y en consecuencia, autoridad profesional en el campo de la ciencia contable.<\/li>\n<li>Producir riqueza intelectual y material con una actitud de servicio que lo lleve a contribuir al mejoramiento de la sociedad.<\/li>\n<\/ul>\n<ul>\n<li>Actuar \u00e9tica y responsablemente en su desempe\u00f1o profesional a partir de un conjunto de valores y la conciencia de que sus actividades\u00a0 contables y decisiones tienen consecuencias en raz\u00f3n de la importancia de los asuntos que le son encomendados y las repercusiones de sus acciones y omisiones.<\/li>\n<li>Muestra una actitud positiva y creativa, con esp\u00edritu investigativo y anal\u00edtico del entorno global, que le permite solucionar problemas y maximizar recursos.<\/li>\n<li>Comprende e interpreta las repercusiones en la profesi\u00f3n, de las normas internacionales en \u00e1reas como: Contabilidad, Auditoria, Impuestos.<\/li>\n<\/ul>\n\n<\/div>\n<div class=\"panel entry-content\" id=\"tab_destrezas\">\n\n<ul>\n<li>\u00a0Interviene en el dise\u00f1o y evaluaci\u00f3n de las funciones de planeamiento, coordinaci\u00f3n y control de entidades p\u00fablicas y privadas;<\/li>\n<li>Interviene en la definici\u00f3n de misiones, objetivos y pol\u00edticas de las organizaciones, siguiendo una metodolog\u00eda adecuada para la toma de decisiones e incorporando valores \u00e9ticos al cumplimiento de sus responsabilidades sociales hacia la comunidad;<\/li>\n<li>Interviene en la implementaci\u00f3n de estructuras , sistemas y procesos administrativos-contables;<\/li>\n<li>Interviene en el dise\u00f1o de sistemas de informaci\u00f3n y decisi\u00f3n para el logro de los objetivos de la organizaci\u00f3n;<\/li>\n<li>Interviene en la preparaci\u00f3n y administraci\u00f3n de presupuestos, en la evaluaci\u00f3n de proyectos y en los estudios de factibilidad financiera en empresas p\u00fablicas y privadas;<\/li>\n<li>Dise\u00f1a e implementar sistemas de control de gesti\u00f3n y auditor\u00eda operativa;<\/li>\n<li>Integra equipos interdisciplinarios con otras \u00e1reas del conocimiento;<\/li>\n<li>Act\u00faa como perito, administrador, interventor o \u00e1rbitro en \u00e1mbito judicial;<\/li>\n<li>Dictamina sobre la razonabilidad de la informaci\u00f3n contable destinada a ser presentada a terceros, efectuar tareas de auditor\u00eda externa;<\/li>\n<li>Participa en el dise\u00f1o de las pol\u00edticas tributarias;<\/li>\n<li>Asesora en relaci\u00f3n con la aplicaci\u00f3n e interpretaci\u00f3n de la legislaci\u00f3n tributaria;<\/li>\n<li>Interviene en la constituci\u00f3n, fusi\u00f3n, escisi\u00f3n, transformaci\u00f3n, liquidaci\u00f3n y disoluci\u00f3n de sociedades y asociaciones;<\/li>\n<li>Diagnostica y eval\u00faa los problemas relacionados con la medici\u00f3n y registro de las operaciones de la unidad econ\u00f3mica en sus aspectos financieros, econ\u00f3micos y sociales, tanto en el sector p\u00fablico como en el privado;<\/li>\n<li>Dise\u00f1a, implanta y dirige sistemas de registraci\u00f3n e informaci\u00f3n contable;<\/li>\n<li>Ejecuta las tareas reservadas a su profesi\u00f3n de acuerdo con la legislaci\u00f3n vigente.<\/li>\n<\/ul>\n\n<\/div><\/div><\/div>\n<div class=\"text-center\"><div class=\"is-divider divider clearfix\" style=\"max-width:60px;background-color:rgb(11, 145, 24);\"><\/div><\/div>\n\n<div class=\"message-box relative dark\" style=\"padding-top:32px;padding-bottom:32px;\"><div class=\"message-box-bg-image bg-fill fill\" ><\/div><div class=\"message-box-bg-overlay bg-fill fill\" style=\"background-color:rgb(1, 119, 43);\"><\/div><div class=\"container relative\"><div class=\"inner last-reset\">\n\n<div class=\"row align-middle align-center\"  id=\"row-26634171\">\n\n\n\t<div id=\"col-1076926370\" class=\"col medium-7 small-12 large-7\"  >\n\t\t\t\t<div class=\"col-inner\"  >\n\t\t\t\n\t\t\t\n\n\t<div id=\"text-1535786649\" class=\"text\">\n\t\t\n\n<h4>Inscripciones abiertas para los ciclos de enero, mayo y septiembre de cada a\u00f1o.<\/h4>\n\t\t\n<style>\n#text-1535786649 {\n  text-align: center;\n}\n<\/style>\n\t<\/div>\n\t\n\n\t\t<\/div>\n\t\t\t\t\t<\/div>\n\n\t\n\n\t<div id=\"col-812758032\" class=\"col medium-4 small-12 large-4\"  >\n\t\t\t\t<div class=\"col-inner text-center\"  >\n\t\t\t\n\t\t\t\n\n<a href=\"https:\/\/www.univas.com.mx\/es\/product\/inscripcion-universidad-presencial\/\" target=\"_self\" class=\"button white is-outline\"  style=\"border-radius:99px;\">\n    <span>INSCR\u00cdBETE AQU\u00cd<\/span>\n  <\/a>\n\n\n\n\t\t<\/div>\n\t\t\t\t\t<\/div>\n\n\t\n\n<\/div>\n\n<\/div><\/div><\/div>\n\n","protected":false},"excerpt":{"rendered":"ESTUDIA CONTADUR\u00cdA P\u00daBLICA EN PLAN CUATRIMESTRAL TURNO MATUTINO Clases de lunes a jueves de 8:00 a 13 horas TURNO NOCTURNO Clases de lunes a jueves de 6:30 pm a 9:30 pm TURNO SABATINO Clases solo los s\u00e1bados de 8 am a 3 pm Objetivo general de la carrera Formar Contadores que dominen las t\u00e9cnicas y [...]","protected":false},"author":1,"featured_media":0,"parent":0,"menu_order":0,"comment_status":"closed","ping_status":"closed","template":"","meta":{"footnotes":""},"class_list":["post-189","page","type-page","status-publish","hentry"],"_links":{"self":[{"href":"https:\/\/www.univas.com.mx\/es\/wp-json\/wp\/v2\/pages\/189","targetHints":{"allow":["GET"]}}],"collection":[{"href":"https:\/\/www.univas.com.mx\/es\/wp-json\/wp\/v2\/pages"}],"about":[{"href":"https:\/\/www.univas.com.mx\/es\/wp-json\/wp\/v2\/types\/page"}],"author":[{"embeddable":true,"href":"https:\/\/www.univas.com.mx\/es\/wp-json\/wp\/v2\/users\/1"}],"replies":[{"embeddable":true,"href":"https:\/\/www.univas.com.mx\/es\/wp-json\/wp\/v2\/comments?post=189"}],"version-history":[{"count":10,"href":"https:\/\/www.univas.com.mx\/es\/wp-json\/wp\/v2\/pages\/189\/revisions"}],"predecessor-version":[{"id":4048,"href":"https:\/\/www.univas.com.mx\/es\/wp-json\/wp\/v2\/pages\/189\/revisions\/4048"}],"wp:attachment":[{"href":"https:\/\/www.univas.com.mx\/es\/wp-json\/wp\/v2\/media?parent=189"}],"curies":[{"name":"wp","href":"https:\/\/api.w.org\/{rel}","templated":true}]}}