{"id":154,"date":"2021-04-20T17:30:24","date_gmt":"2021-04-20T17:30:24","guid":{"rendered":"https:\/\/www.univas.com.mx\/es\/?page_id=154"},"modified":"2025-08-13T15:19:13","modified_gmt":"2025-08-13T21:19:13","slug":"preparatoria","status":"publish","type":"page","link":"https:\/\/www.univas.com.mx\/es\/preparatoria\/","title":{"rendered":"Preparatoria"},"content":{"rendered":"\n<div class=\"slider-wrapper relative\" id=\"slider-1937084925\" >\n    <div class=\"slider slider-nav-circle slider-nav-large slider-nav-light slider-style-container\"\n        data-flickity-options='{\n            \"cellAlign\": \"center\",\n            \"imagesLoaded\": true,\n            \"lazyLoad\": 1,\n            \"freeScroll\": false,\n            \"wrapAround\": true,\n            \"autoPlay\": 6000,\n            \"pauseAutoPlayOnHover\" : true,\n            \"prevNextButtons\": true,\n            \"contain\" : true,\n            \"adaptiveHeight\" : true,\n            \"dragThreshold\" : 10,\n            \"percentPosition\": true,\n            \"pageDots\": true,\n            \"rightToLeft\": false,\n            \"draggable\": true,\n            \"selectedAttraction\": 0.1,\n            \"parallax\" : 0,\n            \"friction\": 0.6        }'\n        >\n        \n\n\n  <div class=\"banner has-hover bg-glow\" id=\"banner-305944431\">\n          <div class=\"banner-inner fill\">\n        <div class=\"banner-bg fill\" >\n            <div class=\"bg fill bg-fill \"><\/div>\n                                    \n                    <\/div>\n        <div class=\"banner-layers container\">\n            <div class=\"fill banner-link\"><\/div>\n   <div id=\"text-box-349971231\" class=\"text-box banner-layer x50 md-x50 lg-x50 y50 md-y50 lg-y50 res-text\">\n                     <div data-animate=\"flipInY\">           <div class=\"text-box-content text dark\">\n              \n              <div class=\"text-inner text-center\">\n                  \n\n<\/p>\n<h3 class=\"h-large uppercase\">transforma tu realidad<\/h3>\n<div class=\"is-divider divider clearfix\" ><\/div>\n<div id=\"text-1886771241\" class=\"text\">\n\t\t\n\n<\/p>\n<h5 class=\"h-large uppercase\"><strong><span style=\"font-size: 180%;\">preparatoria<\/span><\/strong><\/h5>\n<h1 class=\"uppercase\">UNIVAS<\/h1>\n<p>\n\t\t\n<style>\n#text-1886771241 {\n  text-align: center;\n}\n<\/style>\n\t<\/div>\n<div class=\"is-divider divider clearfix\" ><\/div>\n<p>\n<a href=\"https:\/\/www.univas.com.mx\/es\/product\/inscripcion-preparatoria-presencial\/\" target=\"_self\" class=\"button white is-outline is-large\"  >\n  <i class=\"icon-plus\" ><\/i>  <span>INSCR\u00cdBETE AHORA<\/span>\n  <\/a>\n\n\n<\/p>\n<p>\n<a href=\"https:\/\/www.univas.com.mx\/es\/contactanos\/\" target=\"_self\" class=\"button white is-outline is-large\"  >\n    <span>AGENDAR CITA<\/span>\n  <i class=\"icon-menu\" ><\/i><\/a>\n\n\n<\/p>\n<p>\n<a href=\"tel:+52%20844%20410%2054%2034\" target=\"_self\" class=\"button white is-outline is-large\"  >\n  <i class=\"icon-phone\" ><\/i>  <span>LLAMAR<\/span>\n  <\/a>\n\n\n<\/p>\n<p>\n\n              <\/div>\n           <\/div>\n       <\/div>                     \n<style>\n#text-box-349971231 {\n  width: 67%;\n}\n#text-box-349971231 .text-box-content {\n  font-size: 100%;\n}\n<\/style>\n    <\/div>\n \n<p>\n\n        <\/div>\n      <\/div>\n\n            \n<style>\n#banner-305944431 {\n  padding-top: 410px;\n}\n#banner-305944431 .bg.bg-loaded {\n  background-image: url(https:\/\/www.univas.com.mx\/es\/wp-content\/uploads\/2021\/12\/Fondo-Prepa-1024x576.webp);\n}\n@media (min-width:550px) {\n  #banner-305944431 {\n    padding-top: 500px;\n  }\n}\n<\/style>\n  <\/div>\n<p>\n\n     <\/div>\n\n     <div class=\"loading-spin dark large centered\"><\/div>\n\n     \t<\/div>\n<div class=\"container section-title-container\" ><h3 class=\"section-title section-title-center\"><b><\/b><span class=\"section-title-main\" >CONOCE LA FLEXIBILIDAD DE TURNOS QUE TENEMOS PARA TI<\/span><b><\/b><\/h3><\/div>\n<div class=\"row\"  id=\"row-2004196075\">\n\n<\/p>\n<div id=\"col-1433428760\" class=\"col medium-3 small-6 large-3\"  >\n\t\t\t\t<div class=\"col-inner\"  >\n\t\t\t\n\t\t\t\n\n<\/p>\n<div class=\"banner has-hover\" id=\"banner-359150731\">\n          <div class=\"banner-inner fill\">\n        <div class=\"banner-bg fill\" >\n            <div class=\"bg fill bg-fill \"><\/div>\n                        <div class=\"overlay\"><\/div>            \n                    <\/div>\n        <div class=\"banner-layers container\">\n            <div class=\"fill banner-link\"><\/div>\n<div id=\"text-box-1907150451\" class=\"text-box banner-layer x50 md-x50 lg-x50 y90 md-y90 lg-y90 res-text\">\n                                <div class=\"text-box-content text dark\">\n              \n              <div class=\"text-inner text-center\">\n                  \n\n<\/p>\n<h4 class=\"uppercase\">turno<\/h4>\n<h3 class=\"uppercase\"><strong>matutino<\/strong><\/h3>\n<div class=\"is-divider divider clearfix\" ><\/div>\n<p>\n\n              <\/div>\n           <\/div>\n                            \n<style>\n#text-box-1907150451 {\n  width: 80%;\n}\n#text-box-1907150451 .text-box-content {\n  font-size: 100%;\n}\n<\/style>\n    <\/div>\n<p>\n\n        <\/div>\n      <\/div>\n\n            \n<style>\n#banner-359150731 {\n  padding-top: 100px;\n  background-color: #4fc21e;\n}\n#banner-359150731 .overlay {\n  background-color: rgba(0, 0, 0, 0.2);\n}\n<\/style>\n  <\/div>\n<p>\n\n\t\t<\/div>\n\t\t\t\t\t<\/div>\n\n\t<div id=\"col-1471298484\" class=\"col medium-3 small-6 large-3\"  >\n\t\t\t\t<div class=\"col-inner\"  >\n\t\t\t\n\t\t\t\n\n<\/p>\n<div class=\"banner has-hover\" id=\"banner-423146176\">\n          <div class=\"banner-inner fill\">\n        <div class=\"banner-bg fill\" >\n            <div class=\"bg fill bg-fill \"><\/div>\n                        <div class=\"overlay\"><\/div>            \n                    <\/div>\n        <div class=\"banner-layers container\">\n            <div class=\"fill banner-link\"><\/div>\n<div id=\"text-box-2135852394\" class=\"text-box banner-layer x50 md-x50 lg-x50 y90 md-y90 lg-y90 res-text\">\n                                <div class=\"text-box-content text dark\">\n              \n              <div class=\"text-inner text-center\">\n                  \n\n<\/p>\n<h4 class=\"uppercase\">turno<\/h4>\n<h3 class=\"uppercase\"><strong>VESPERTINO<\/strong><\/h3>\n<div class=\"is-divider divider clearfix\" ><\/div>\n<p>\n\n              <\/div>\n           <\/div>\n                            \n<style>\n#text-box-2135852394 {\n  width: 80%;\n}\n#text-box-2135852394 .text-box-content {\n  font-size: 100%;\n}\n<\/style>\n    <\/div>\n<p>\n\n        <\/div>\n      <\/div>\n\n            \n<style>\n#banner-423146176 {\n  padding-top: 100px;\n  background-color: #4fc21e;\n}\n#banner-423146176 .overlay {\n  background-color: rgba(0, 0, 0, 0.2);\n}\n<\/style>\n  <\/div>\n<p>\n\n\t\t<\/div>\n\t\t\t\t\t<\/div>\n\n\t<div id=\"col-26111820\" class=\"col medium-3 small-6 large-3\"  >\n\t\t\t\t<div class=\"col-inner\"  >\n\t\t\t\n\t\t\t\n\n<\/p>\n<div class=\"banner has-hover\" id=\"banner-1851450406\">\n          <div class=\"banner-inner fill\">\n        <div class=\"banner-bg fill\" >\n            <div class=\"bg fill bg-fill \"><\/div>\n                        <div class=\"overlay\"><\/div>            \n                    <\/div>\n        <div class=\"banner-layers container\">\n            <div class=\"fill banner-link\"><\/div>\n<div id=\"text-box-60146460\" class=\"text-box banner-layer x50 md-x50 lg-x50 y90 md-y90 lg-y90 res-text\">\n                                <div class=\"text-box-content text dark\">\n              \n              <div class=\"text-inner text-center\">\n                  \n\n<\/p>\n<h4 class=\"uppercase\">turno<\/h4>\n<h3 class=\"uppercase\"><strong>NOCTURNO<\/strong><\/h3>\n<div class=\"is-divider divider clearfix\" ><\/div>\n<p>\n\n              <\/div>\n           <\/div>\n                            \n<style>\n#text-box-60146460 {\n  width: 80%;\n}\n#text-box-60146460 .text-box-content {\n  font-size: 100%;\n}\n<\/style>\n    <\/div>\n<p>\n\n        <\/div>\n      <\/div>\n\n            \n<style>\n#banner-1851450406 {\n  padding-top: 100px;\n  background-color: #4fc21e;\n}\n#banner-1851450406 .overlay {\n  background-color: rgba(0, 0, 0, 0.2);\n}\n<\/style>\n  <\/div>\n<p>\n\n\t\t<\/div>\n\t\t\t\t\t<\/div>\n\n\t<div id=\"col-1964635473\" class=\"col medium-3 small-6 large-3\"  >\n\t\t\t\t<div class=\"col-inner\"  >\n\t\t\t\n\t\t\t\n\n<\/p>\n<div class=\"banner has-hover\" id=\"banner-1873854188\">\n          <div class=\"banner-inner fill\">\n        <div class=\"banner-bg fill\" >\n            <div class=\"bg fill bg-fill \"><\/div>\n                        <div class=\"overlay\"><\/div>            \n                    <\/div>\n        <div class=\"banner-layers container\">\n            <div class=\"fill banner-link\"><\/div>\n<div id=\"text-box-1223892686\" class=\"text-box banner-layer x50 md-x50 lg-x50 y90 md-y90 lg-y90 res-text\">\n                                <div class=\"text-box-content text dark\">\n              \n              <div class=\"text-inner text-center\">\n                  \n\n<\/p>\n<h4 class=\"uppercase\">turno<\/h4>\n<h3 class=\"uppercase\"><strong>SABATINO<\/strong><\/h3>\n<div class=\"is-divider divider clearfix\" ><\/div>\n<p>\n\n              <\/div>\n           <\/div>\n                            \n<style>\n#text-box-1223892686 {\n  width: 80%;\n}\n#text-box-1223892686 .text-box-content {\n  font-size: 100%;\n}\n<\/style>\n    <\/div>\n<p>\n\n        <\/div>\n      <\/div>\n\n            \n<style>\n#banner-1873854188 {\n  padding-top: 100px;\n  background-color: #4fc21e;\n}\n#banner-1873854188 .overlay {\n  background-color: rgba(0, 0, 0, 0.2);\n}\n<\/style>\n  <\/div>\n<p>\n\n\t\t<\/div>\n\t\t\t\t\t<\/div>\n<p>\n\n<\/div>\n<div class=\"container section-title-container\" ><h3 class=\"section-title section-title-center\"><b><\/b><span class=\"section-title-main\" >PLAN DE ESTUDIOS DE 2 A\u00d1OS<\/span><b><\/b><\/h3><\/div>\n<div class=\"row\"  id=\"row-1309359850\">\n\n<\/p>\n<div id=\"col-1629571751\" class=\"col medium-3 small-6 large-3\"  >\n\t\t\t\t<div class=\"col-inner\"  >\n\t\t\t\n\t\t\t\n\n<\/p>\n<div class=\"pricing-table-wrapper\">\n  <div class=\"pricing-table ux_price_table text-center box-shadow-3-hover\">\n    <div class=\"pricing-table-header\">\n      <div class=\"title uppercase strong\">SEMESTRE<\/div>\n      <div class=\"price is-xxlarge\">1<\/div>\n          <\/div>\n    <div class=\"pricing-table-items items\">\n      \n\n<\/p>\n<div class=\"bullet-item\" title=\"\"><span class=\"text\">La Materia y sus Interacciones<\/span><\/div>\n<div class=\"bullet-item\" title=\"\"><span class=\"text\">Ciencias Sociales I<\/span><\/div>\n<div class=\"bullet-item\" title=\"\"><span class=\"text\">Cultura Digital I<\/span><\/div>\n<div class=\"bullet-item\" title=\"\"><span class=\"text\">Pensamiento Matem\u00e1tico I<\/span><\/div>\n<div class=\"bullet-item\" title=\"\"><span class=\"text\">Lengua y Comunicaci\u00f3n I<\/span><\/div>\n<div class=\"bullet-item\" title=\"\"><span class=\"text\">Ingl\u00e9s I<\/span><\/div>\n<div class=\"bullet-item\" title=\"\"><span class=\"text\">Humanidades I<\/span><\/div>\n<div class=\"bullet-item\" title=\"\"><span class=\"text\">Laboratorio de Investigaci\u00f3n<\/span><\/div>\n<p>\n<p>Formaci\u00f3n Ampliada I<\/p>\n\n    <\/div>\n      <\/div>\n<\/div>\n<p>\n\n\t\t<\/div>\n\t\t\t\t\t<\/div>\n\n\t<div id=\"col-548816953\" class=\"col medium-3 small-6 large-3\"  >\n\t\t\t\t<div class=\"col-inner\"  >\n\t\t\t\n\t\t\t\n\n<\/p>\n<div class=\"pricing-table-wrapper\">\n  <div class=\"pricing-table ux_price_table text-center box-shadow-3-hover\">\n    <div class=\"pricing-table-header\">\n      <div class=\"title uppercase strong\">SEMESTRE<\/div>\n      <div class=\"price is-xxlarge\">2<\/div>\n          <\/div>\n    <div class=\"pricing-table-items items\">\n      \n\n<\/p>\n<div class=\"bullet-item\" title=\"\"><span class=\"text\">Conservacion de la Energ{ia y sus Interacciones con la Materia<\/span><\/div>\n<div class=\"bullet-item\" title=\"\"><span class=\"text\">Conciencia Hist\u00f3rica I<\/span><\/div>\n<div class=\"bullet-item\" title=\"\"><span class=\"text\">Ciencias Sociales II<\/span><\/div>\n<div class=\"bullet-item\" title=\"\"><span class=\"text\">Cultura Digital II<\/span><\/div>\n<div class=\"bullet-item\" title=\"\"><span class=\"text\">Pensamiento Matem\u00e1tico II<\/span><\/div>\n<div class=\"bullet-item\" title=\"\"><span class=\"text\">Lengua y Comunicaci\u00f3n II<\/span><\/div>\n<div class=\"bullet-item\" title=\"\"><span class=\"text\">Ingl\u00e9s II<\/span><\/div>\n<div class=\"bullet-item\" title=\"\"><span class=\"text\">Humanidades II<\/span><\/div>\n<div class=\"bullet-item\" title=\"\"><span class=\"text\">Taller de Ciencias I<\/span><\/div>\n\n<p>Formaci\u00f3n Ampliada II<\/p>\n\n<\/p>\n<p>\n\n    <\/div>\n      <\/div>\n<\/div>\n<p>\n\n\t\t<\/div>\n\t\t\t\t\t<\/div>\n\n\t<div id=\"col-859211557\" class=\"col medium-3 small-6 large-3\"  >\n\t\t\t\t<div class=\"col-inner\"  >\n\t\t\t\n\t\t\t\n\n<\/p>\n<div class=\"pricing-table-wrapper\">\n  <div class=\"pricing-table ux_price_table text-center box-shadow-3-hover\">\n    <div class=\"pricing-table-header\">\n      <div class=\"title uppercase strong\">semestre<\/div>\n      <div class=\"price is-xxlarge\">3<\/div>\n          <\/div>\n    <div class=\"pricing-table-items items\">\n      \n\n<\/p>\n<div class=\"bullet-item\" title=\"\"><span class=\"text\">Ecosistemas<\/span><\/div>\n<div class=\"bullet-item\" title=\"\"><span class=\"text\">Conciencia Hist\u00f3rica II<\/span><\/div>\n<div class=\"bullet-item\" title=\"\"><span class=\"text\">Pensamiento Matem\u00e1tico III<\/span><\/div>\n<div class=\"bullet-item\" title=\"\"><span class=\"text\">Lengua y Comunicacion III<\/span><\/div>\n<div class=\"bullet-item\" title=\"\"><span class=\"text\">Ingl\u00e9s III<\/span><\/div>\n<div class=\"bullet-item\" title=\"\"><span class=\"text\">EHuimanidades III<\/span><\/div>\n<div class=\"bullet-item\" title=\"\"><span class=\"text\">Reacciones Qu\u00edmicas<\/span><\/div>\n<div class=\"bullet-item\" title=\"\"><span class=\"text\">Temas Selectos de Matem\u00e1ticas I<\/span><\/div>\n<div class=\"bullet-item\" title=\"\"><span class=\"text\">Taller de Ciencias II<\/span><\/div>\n<div class=\"bullet-item\" title=\"\"><span class=\"text\">Ra\u00edces Etimol\u00f3gicas del Espa\u00f1ol I<\/span><\/div>\n<div class=\"bullet-item\" title=\"\"><span class=\"text\">Salud Integral I<\/span><\/div>\n<p>\n<p>Formaci\u00f3n Ampliada III<\/p>\n\n\n    <\/div>\n      <\/div>\n<\/div>\n<p>\n\n\t\t<\/div>\n\t\t\t\t\t<\/div>\n\n\t<div id=\"col-1574213143\" class=\"col medium-3 small-6 large-3\"  >\n\t\t\t\t<div class=\"col-inner\"  >\n\t\t\t\n\t\t\t\n\n<\/p>\n<div class=\"pricing-table-wrapper\">\n  <div class=\"pricing-table ux_price_table text-center box-shadow-3-hover\">\n    <div class=\"pricing-table-header\">\n      <div class=\"title uppercase strong\">SEMESTRE<\/div>\n      <div class=\"price is-xxlarge\">4<\/div>\n          <\/div>\n    <div class=\"pricing-table-items items\">\n      \n\n<\/p>\n<div class=\"bullet-item\" title=\"\"><span class=\"text\">Organismos. Estructuras y Procesos<\/span><\/div>\n<div class=\"bullet-item\" title=\"\"><span class=\"text\">Conciencia Hist\u00f3rica III<\/span><\/div>\n<div class=\"bullet-item\" title=\"\"><span class=\"text\">Ciencias Sociales III<\/span><\/div>\n<div class=\"bullet-item\" title=\"\"><span class=\"text\">Ingl\u00e9s IV<\/span><\/div>\n<div class=\"bullet-item\" title=\"\"><span class=\"text\">La Energ\u00eda en los Procesos de la Vida Diaria<\/span><\/div>\n<div class=\"bullet-item\" title=\"\"><span class=\"text\">Taller de Cultura Digital<\/span><\/div>\n<div class=\"bullet-item\" title=\"\"><span class=\"text\">Temas Selectos de Matem\u00e1ticas II<\/span><\/div>\n<div class=\"bullet-item\" title=\"\"><span class=\"text\">Pensamiento Literario<\/span><\/div>\n<div class=\"bullet-item\" title=\"\"><span class=\"text\">Espacio y Sociedad<\/span><\/div>\n<div class=\"bullet-item\" title=\"\"><span class=\"text\">Psicolog\u00eda I<\/span><\/div>\n\n\n<p>Pensamiento Filos\u00f3fico I<\/p>\n\n<\/p>\n<p>\n<p>Formaci\u00f3n Ampliada IV<\/p>\n\n\n    <\/div>\n      <\/div>\n<\/div>\n<p>\n\n\t\t<\/div>\n\t\t\t\t\t<\/div>\n<p>\n\n<\/div>\n<div class=\"text-center\"><div class=\"is-divider divider clearfix\" style=\"max-width:150px;background-color:rgb(86, 192, 0);\"><\/div><\/div>\n\t<div id=\"text-2751680584\" class=\"text\">\n\t\t\n\n<p>MAPA CURRICULAR PARA BACHILLERATO DE 2 A\u00d1OS ACORDE A AL PLAN DE ESTUDIOS DE LA NUEVA ESCUELA MEXICANA.<\/p>\n<p>\u00a0<\/p>\n\t\t\n<style>\n#text-2751680584 {\n  text-align: center;\n}\n<\/style>\n\t<\/div>\n\t\n<div class=\"row\"  id=\"row-227546397\">\n\n<\/p>\n\n\t<div id=\"col-599553502\" class=\"col medium-6 small-12 large-6\"  >\n\t\t\t\t<div class=\"col-inner\"  >\n\t\t\t\n\t\t\t\n\n<\/p>\n<div class=\"icon-box featured-box icon-box-left text-left\"  >\n\t\t\t\t\t<div class=\"icon-box-img\" style=\"width: 60px\">\n\t\t\t\t<div class=\"icon\">\n\t\t\t\t\t<div class=\"icon-inner\" >\n\t\t\t\t\t\t<img fetchpriority=\"high\" decoding=\"async\" width=\"300\" height=\"300\" src=\"https:\/\/www.univas.com.mx\/es\/wp-content\/uploads\/2021\/12\/ubicacion-300x300.png\" class=\"attachment-medium size-medium\" alt=\"\" srcset=\"https:\/\/www.univas.com.mx\/es\/wp-content\/uploads\/2021\/12\/ubicacion-300x300.png 300w, https:\/\/www.univas.com.mx\/es\/wp-content\/uploads\/2021\/12\/ubicacion-150x150.png 150w, https:\/\/www.univas.com.mx\/es\/wp-content\/uploads\/2021\/12\/ubicacion-100x100.png 100w, https:\/\/www.univas.com.mx\/es\/wp-content\/uploads\/2021\/12\/ubicacion.png 512w\" sizes=\"(max-width: 300px) 100vw, 300px\" \/>\t\t\t\t\t<\/div>\n\t\t\t\t<\/div>\n\t\t\t<\/div>\n\t\t\t\t<div class=\"icon-box-text last-reset\">\n\t\t\t\t\t\t\t\t\t\n\n<h3>\u00bfD\u00f3nde estamos ubicados?<\/h3>\n<p><strong>Campus Acu\u00f1a<\/strong><\/p>\n<p>Manuel Acu\u00f1a 368, Zona Centro, Saltillo, Coahuila<br \/>M\u00e9xico C.P. 25000<\/p>\n<p><strong>Campus Bravo<\/strong><\/p>\n<p>Rafael de Cepeda 104 esquina con Bravo, Zona Centro, Saltillo, Coahuila<br \/>M\u00e9xico C.P. 25000<\/p>\n\n\t\t<\/div>\n\t<\/div>\n<p>\n\n\t\t<\/div>\n\t\t\t\t\t<\/div>\n\n\t\n\n\t<div id=\"col-1621566462\" class=\"col medium-6 small-12 large-6\"  >\n\t\t\t\t<div class=\"col-inner\"  >\n\t\t\t\n\t\t\t\n\n<\/p>\n<a data-animate=\"fadeInLeft\" href=\"https:\/\/www.univas.com.mx\/es\/product\/inscripcion-preparatoria-presencial\/\" target=\"_self\" class=\"button primary is-outline is-larger\"  style=\"border-radius:10px;\">\n  <i class=\"icon-plus\" ><\/i>  <span>\u00a1INSCR\u00cdBETE AHORA!<\/span>\n  <\/a>\n\n<p>\n\n\t\t<\/div>\n\t\t\t\t\t<\/div>\n<p>\n\n<\/div>\n<h3 class=\"uppercase\">\n\n","protected":false},"excerpt":{"rendered":"transforma tu realidad preparatoria UNIVAS INSCR\u00cdBETE AHORA AGENDAR CITA LLAMAR CONOCE LA FLEXIBILIDAD DE TURNOS QUE TENEMOS PARA TI turno matutino turno VESPERTINO turno NOCTURNO turno SABATINO PLAN DE ESTUDIOS DE 2 A\u00d1OS SEMESTRE 1 La Materia y sus Interacciones Ciencias Sociales I Cultura Digital I Pensamiento Matem\u00e1tico I Lengua y Comunicaci\u00f3n I Ingl\u00e9s I [...]","protected":false},"author":1,"featured_media":0,"parent":0,"menu_order":0,"comment_status":"closed","ping_status":"closed","template":"","meta":{"footnotes":""},"class_list":["post-154","page","type-page","status-publish","hentry"],"_links":{"self":[{"href":"https:\/\/www.univas.com.mx\/es\/wp-json\/wp\/v2\/pages\/154","targetHints":{"allow":["GET"]}}],"collection":[{"href":"https:\/\/www.univas.com.mx\/es\/wp-json\/wp\/v2\/pages"}],"about":[{"href":"https:\/\/www.univas.com.mx\/es\/wp-json\/wp\/v2\/types\/page"}],"author":[{"embeddable":true,"href":"https:\/\/www.univas.com.mx\/es\/wp-json\/wp\/v2\/users\/1"}],"replies":[{"embeddable":true,"href":"https:\/\/www.univas.com.mx\/es\/wp-json\/wp\/v2\/comments?post=154"}],"version-history":[{"count":21,"href":"https:\/\/www.univas.com.mx\/es\/wp-json\/wp\/v2\/pages\/154\/revisions"}],"predecessor-version":[{"id":4046,"href":"https:\/\/www.univas.com.mx\/es\/wp-json\/wp\/v2\/pages\/154\/revisions\/4046"}],"wp:attachment":[{"href":"https:\/\/www.univas.com.mx\/es\/wp-json\/wp\/v2\/media?parent=154"}],"curies":[{"name":"wp","href":"https:\/\/api.w.org\/{rel}","templated":true}]}}