{"id":152,"date":"2021-04-20T17:29:52","date_gmt":"2021-04-20T17:29:52","guid":{"rendered":"https:\/\/www.univas.com.mx\/es\/?page_id=152"},"modified":"2025-08-14T09:00:10","modified_gmt":"2025-08-14T15:00:10","slug":"la-institucion","status":"publish","type":"page","link":"https:\/\/www.univas.com.mx\/es\/la-institucion\/","title":{"rendered":"La Instituci\u00f3n"},"content":{"rendered":"\t\t<div data-elementor-type=\"wp-page\" data-elementor-id=\"152\" class=\"elementor elementor-152\">\n\t\t\t\t\t\t<section class=\"elementor-section elementor-top-section elementor-element elementor-element-223c60e elementor-section-boxed elementor-section-height-default elementor-section-height-default\" data-id=\"223c60e\" data-element_type=\"section\" data-e-type=\"section\">\n\t\t\t\t\t\t<div class=\"elementor-container elementor-column-gap-default\">\n\t\t\t\t\t<div class=\"elementor-column elementor-col-100 elementor-top-column elementor-element elementor-element-1cfd805b\" data-id=\"1cfd805b\" data-element_type=\"column\" data-e-type=\"column\">\n\t\t\t<div class=\"elementor-widget-wrap elementor-element-populated\">\n\t\t\t\t\t\t<div class=\"elementor-element elementor-element-467a9786 elementor-widget elementor-widget-text-editor\" data-id=\"467a9786\" data-element_type=\"widget\" data-e-type=\"widget\" data-widget_type=\"text-editor.default\">\n\t\t\t\t<div class=\"elementor-widget-container\">\n\t\t\t\t\t\t\t\t\t<div class=\"banner has-hover\" id=\"banner-2115499949\">\n          <div class=\"banner-inner fill\">\n        <div class=\"banner-bg fill\" >\n            <div class=\"bg fill bg-fill \"><\/div>\n                        <div class=\"overlay\"><\/div>            \n\t<div class=\"is-border\"\n\t\tstyle=\"border-width:0px 0px 0px 0px;margin:0px 0px 0px 0px;\">\n\t<\/div>\n                    <\/div>\n        <div class=\"banner-layers container\">\n            <div class=\"fill banner-link\"><\/div>            \n   <div id=\"text-box-1713564803\" class=\"text-box banner-layer x50 md-x50 lg-x50 y75 md-y75 lg-y75 res-text\">\n                     <div data-animate=\"fadeInUp\">           <div class=\"text-box-content text dark\">\n              \n              <div class=\"text-inner text-center\">\n                  \n<h4 class=\"uppercase\">M\u00c1S DE 30 a\u00f1os<\/h4>\n<h2 class=\"uppercase\"><strong>transformando realidades<\/strong><\/h2>\n<h4 class=\"uppercase\">con excelencia<\/h4>\n              <\/div>\n           <\/div>\n       <\/div>                     \n<style>\n#text-box-1713564803 {\n  width: 80%;\n}\n#text-box-1713564803 .text-box-content {\n  font-size: 100%;\n}\n<\/style>\n    <\/div>\n \n        <\/div>\n      <\/div>\n\n            \n<style>\n#banner-2115499949 {\n  padding-top: 400px;\n}\n#banner-2115499949 .bg.bg-loaded {\n  background-image: url(https:\/\/www.univas.com.mx\/es\/wp-content\/uploads\/2021\/12\/H1-1024x474.jpg);\n}\n#banner-2115499949 .overlay {\n  background-color: rgba(0, 0, 0, 0.2);\n}\n<\/style>\n  <\/div>\n\n<div class=\"row\"  id=\"row-35661255\">\n\n\t<div id=\"col-1644860853\" class=\"col medium-4 small-12 large-4\"  >\n\t\t\t\t<div class=\"col-inner\"  >\n\t\t\t\n\t\t\t\n<p><strong>FILOSOF\u00cdA<\/strong><\/p>\n<p>La Filosof\u00eda Institucional de UNIVAS est\u00e1 constituida por una misi\u00f3n humanista, una visi\u00f3n social, valores integrales y principios pedag\u00f3gicos de vanguardia.<\/p>\n<p>\u00a0<\/p>\n\t\t<\/div>\n\t\t\t\t\t<\/div>\n\n\t\n\t<div id=\"col-1840488660\" class=\"col medium-4 small-12 large-4\"  >\n\t\t\t\t<div class=\"col-inner\"  >\n\t\t\t\n\t\t\t\n<p><strong>MISI\u00d3N<\/strong><\/p>\n<p>La\u00a0 misi\u00f3n de Universidad del Valle de Santiago es: \u201cOfrecer servicios educativos de alta calidad en los niveles medio-superior y superior, con un enfoque humanista que integra la ciencia y la tecnolog\u00eda y que promueve el aprendizaje permanente, la cultura del trabajo y el esp\u00edritu de superaci\u00f3n. UNIVAS forma personas emprendedoras que influyen positivamente en el desarrollo econ\u00f3mico, social y cultural.\u201d<\/p>\n\t\t<\/div>\n\t\t\t\t\t<\/div>\n\n\t\n\t<div id=\"col-166494145\" class=\"col medium-4 small-12 large-4\"  >\n\t\t\t\t<div class=\"col-inner\"  >\n\t\t\t\n\t\t\t\n<p><strong>VISI\u00d3N<\/strong><\/p>\n<p>En concordancia con nuestra evoluci\u00f3n hist\u00f3rica y despu\u00e9s de una revisi\u00f3n cuidadosa se establece que la visi\u00f3n de UNIVAS\u00a0 es:<\/p>\n<p>\u201cSer una instituci\u00f3n de educaci\u00f3n media-superior y superior consolidada, con infraestructura propia, oferta educativa diversificada, procesos administrativos y planta docente altamente especializados y comprometidos con la mejora continua en un ambiente de calidad con calidez.\u201d<\/p>\n\t\t<\/div>\n\t\t\t\t\t<\/div>\n\n\t\n<\/div><div class=\"container section-title-container\" ><h3 class=\"section-title section-title-center\"><b><\/b><span class=\"section-title-main\" style=\"color:rgb(33, 153, 14);\">valores<\/span><b><\/b><\/h3><\/div>\n<p>Para la implementaci\u00f3n y operaci\u00f3n de la misi\u00f3n y la visi\u00f3n se agruparon los valores universales en tres categor\u00edas: Confianza, compromiso y ciencia, y se enuncian como sigue:<\/p>\n<div class=\"row\"  id=\"row-189319991\">\n\n\t<div id=\"col-2104311604\" class=\"col medium-4 small-12 large-4\"  >\n\t\t\t\t<div class=\"col-inner\"  >\n\t\t\t\n\t\t\t\n<p><strong>CONFIANZA<\/strong><\/p>\n<p>La confianza en los dem\u00e1s y en uno mismo es un sentimiento que contiene honor, honestidad, justicia, soberan\u00eda, esperanza, protecci\u00f3n, prudencia y tolerancia.<\/p>\n\t\t<\/div>\n\t\t\t\t\t<\/div>\n\n\t\n\t<div id=\"col-1270496089\" class=\"col medium-4 small-12 large-4\"  >\n\t\t\t\t<div class=\"col-inner\"  >\n\t\t\t\n\t\t\t\n<p><strong>COMPROMISO<\/strong><\/p>\n<p>El compromiso es un requisito indispensable para unir esfuerzos con los dem\u00e1s que se deriva del amor, la responsabilidad, la humildad y la libertad.<\/p>\n\t\t<\/div>\n\t\t\t\t\t<\/div>\n\n\t\n\t<div id=\"col-170376692\" class=\"col medium-4 small-12 large-4\"  >\n\t\t\t\t<div class=\"col-inner\"  >\n\t\t\t\n\t\t\t\n<p><strong>CIENCIA<\/strong><\/p>\n<p>La ciencia es un deseo de conocer puesto en acci\u00f3n ordenada, incluye entre sus valores aquellos que est\u00e1n orientados a la investigaci\u00f3n, el desarrollo tecnol\u00f3gico, los h\u00e1bitos de estudio y la reflexi\u00f3n constantes.<\/p>\n\t\t<\/div>\n\t\t\t\t\t<\/div>\n\n\t\n<\/div><div class=\"text-center\"><div class=\"is-divider divider clearfix\" style=\"max-width:100px;background-color:rgb(65, 179, 6);\"><\/div><\/div>\n<p><strong>IDENTIDAD<\/strong><\/p>\n<p style=\"text-align: center;\">La identidad de UNIVAS est\u00e1 representada por un logotipo institucional que expresa el compromiso de los fundadores con el honor como principio \u00e9tico, de ah\u00ed que sea la leyenda principal. La espada del Ap\u00f3stol Santiago es un s\u00edmbolo de la justicia, la soberan\u00eda y la fe como armas contra la ignorancia. El escudete en verde significa esperanza, protecci\u00f3n, reflexi\u00f3n y prudencia. Las luces en forma de llamaradas significan los cimientos de la filosof\u00eda educativa de UNIVAS: pasi\u00f3n por la ciencia, el conocimiento, los valores \u00e9ticos, la tecnolog\u00eda, el amor y el trabajLz<\/p>\n<p><\/p>\t\t\t\t\t\t\t\t<\/div>\n\t\t\t\t<\/div>\n\t\t\t\t\t<\/div>\n\t\t<\/div>\n\t\t\t\t\t<\/div>\n\t\t<\/section>\n\t\t\t\t<\/div>\n\t\t","protected":false},"excerpt":{"rendered":"M\u00c1S DE 30 a\u00f1os transformando realidades con excelencia FILOSOF\u00cdA La Filosof\u00eda Institucional de UNIVAS est\u00e1 constituida por una misi\u00f3n humanista, una visi\u00f3n social, valores integrales y principios pedag\u00f3gicos de vanguardia. \u00a0 MISI\u00d3N La\u00a0 misi\u00f3n de Universidad del Valle de Santiago es: \u201cOfrecer servicios educativos de alta calidad en los niveles medio-superior y superior, con un [...]","protected":false},"author":1,"featured_media":0,"parent":0,"menu_order":0,"comment_status":"closed","ping_status":"closed","template":"","meta":{"footnotes":""},"class_list":["post-152","page","type-page","status-publish","hentry"],"_links":{"self":[{"href":"https:\/\/www.univas.com.mx\/es\/wp-json\/wp\/v2\/pages\/152","targetHints":{"allow":["GET"]}}],"collection":[{"href":"https:\/\/www.univas.com.mx\/es\/wp-json\/wp\/v2\/pages"}],"about":[{"href":"https:\/\/www.univas.com.mx\/es\/wp-json\/wp\/v2\/types\/page"}],"author":[{"embeddable":true,"href":"https:\/\/www.univas.com.mx\/es\/wp-json\/wp\/v2\/users\/1"}],"replies":[{"embeddable":true,"href":"https:\/\/www.univas.com.mx\/es\/wp-json\/wp\/v2\/comments?post=152"}],"version-history":[{"count":18,"href":"https:\/\/www.univas.com.mx\/es\/wp-json\/wp\/v2\/pages\/152\/revisions"}],"predecessor-version":[{"id":4065,"href":"https:\/\/www.univas.com.mx\/es\/wp-json\/wp\/v2\/pages\/152\/revisions\/4065"}],"wp:attachment":[{"href":"https:\/\/www.univas.com.mx\/es\/wp-json\/wp\/v2\/media?parent=152"}],"curies":[{"name":"wp","href":"https:\/\/api.w.org\/{rel}","templated":true}]}}